{"id":87,"date":"2015-06-09T14:07:44","date_gmt":"2015-06-09T14:07:44","guid":{"rendered":"http:\/\/cepenha.net.br\/?page_id=87"},"modified":"2022-12-16T14:18:12","modified_gmt":"2022-12-16T14:18:12","slug":"estacionamento","status":"publish","type":"page","link":"https:\/\/cepenha.com.br\/index.php\/estacionamento\/","title":{"rendered":"Estacionamento"},"content":{"rendered":"<div class=\"three_fourth tt-column\"><\/div><p>&nbsp;<\/p>\n<div class=\"one_fourth_last tt-column\"><p><span style=\"font-size: x-large;\">Estacionamento<\/span><br \/>\nO Clube oferece aos associados e visitantes 700 vagas de estacionamento localizadas em ruas e bols\u00f5es de estacionamento. Uma boa parte das vagas est\u00e1 localizada em locais arborizados que proporcionam uma deliciosa sombra para os ve\u00edculos.<\/p>\n<\/div><br class=\"clear\" \/>","protected":false},"excerpt":{"rendered":"<p>&nbsp;<\/p>\n","protected":false},"author":1,"featured_media":0,"parent":0,"menu_order":0,"comment_status":"open","ping_status":"open","template":"template-full-width.php","meta":{"footnotes":""},"class_list":["post-87","page","type-page","status-publish","hentry"],"_links":{"self":[{"href":"https:\/\/cepenha.com.br\/index.php\/wp-json\/wp\/v2\/pages\/87","targetHints":{"allow":["GET"]}}],"collection":[{"href":"https:\/\/cepenha.com.br\/index.php\/wp-json\/wp\/v2\/pages"}],"about":[{"href":"https:\/\/cepenha.com.br\/index.php\/wp-json\/wp\/v2\/types\/page"}],"author":[{"embeddable":true,"href":"https:\/\/cepenha.com.br\/index.php\/wp-json\/wp\/v2\/users\/1"}],"replies":[{"embeddable":true,"href":"https:\/\/cepenha.com.br\/index.php\/wp-json\/wp\/v2\/comments?post=87"}],"version-history":[{"count":8,"href":"https:\/\/cepenha.com.br\/index.php\/wp-json\/wp\/v2\/pages\/87\/revisions"}],"predecessor-version":[{"id":5015,"href":"https:\/\/cepenha.com.br\/index.php\/wp-json\/wp\/v2\/pages\/87\/revisions\/5015"}],"wp:attachment":[{"href":"https:\/\/cepenha.com.br\/index.php\/wp-json\/wp\/v2\/media?parent=87"}],"curies":[{"name":"wp","href":"https:\/\/api.w.org\/{rel}","templated":true}]}}