{"id":84,"date":"2015-06-09T14:05:12","date_gmt":"2015-06-09T14:05:12","guid":{"rendered":"http:\/\/cepenha.net.br\/?page_id=84"},"modified":"2022-12-16T14:16:29","modified_gmt":"2022-12-16T14:16:29","slug":"elevador-para-pedestres","status":"publish","type":"page","link":"https:\/\/cepenha.com.br\/index.php\/elevador-para-pedestres\/","title":{"rendered":"Elevador para Pedestres"},"content":{"rendered":"<div class=\"three_fourth tt-column\"><\/div><div class=\"one_fourth_last tt-column\"><p><span style=\"font-size: x-large;\">Elevador para Pedestres&nbsp;<\/span><br \/>\nPara os associados que frequenta o Clube a p\u00e9, existe um elevador que vai da portaria de pedestres at\u00e9 as depend\u00eancias do clube. Este equipamento opera das 7h at\u00e9 \u00e0s 20h, de ter\u00e7as-feiras aos domingos. Existe tamb\u00e9m a op\u00e7\u00e3o de utilizar as escadas ap\u00f3s o hor\u00e1rio de funcionamento do elevador.<\/p>\n<\/div><br class=\"clear\" \/>","protected":false},"excerpt":{"rendered":"","protected":false},"author":1,"featured_media":0,"parent":0,"menu_order":0,"comment_status":"open","ping_status":"open","template":"template-full-width.php","meta":{"footnotes":""},"class_list":["post-84","page","type-page","status-publish","hentry"],"_links":{"self":[{"href":"https:\/\/cepenha.com.br\/index.php\/wp-json\/wp\/v2\/pages\/84","targetHints":{"allow":["GET"]}}],"collection":[{"href":"https:\/\/cepenha.com.br\/index.php\/wp-json\/wp\/v2\/pages"}],"about":[{"href":"https:\/\/cepenha.com.br\/index.php\/wp-json\/wp\/v2\/types\/page"}],"author":[{"embeddable":true,"href":"https:\/\/cepenha.com.br\/index.php\/wp-json\/wp\/v2\/users\/1"}],"replies":[{"embeddable":true,"href":"https:\/\/cepenha.com.br\/index.php\/wp-json\/wp\/v2\/comments?post=84"}],"version-history":[{"count":7,"href":"https:\/\/cepenha.com.br\/index.php\/wp-json\/wp\/v2\/pages\/84\/revisions"}],"predecessor-version":[{"id":5014,"href":"https:\/\/cepenha.com.br\/index.php\/wp-json\/wp\/v2\/pages\/84\/revisions\/5014"}],"wp:attachment":[{"href":"https:\/\/cepenha.com.br\/index.php\/wp-json\/wp\/v2\/media?parent=84"}],"curies":[{"name":"wp","href":"https:\/\/api.w.org\/{rel}","templated":true}]}}