{"id":829,"date":"2015-06-25T14:08:42","date_gmt":"2015-06-25T14:08:42","guid":{"rendered":"http:\/\/cepenha.net.br\/?page_id=829"},"modified":"2022-12-16T14:02:24","modified_gmt":"2022-12-16T14:02:24","slug":"playground","status":"publish","type":"page","link":"https:\/\/cepenha.com.br\/index.php\/playground\/","title":{"rendered":"Playground Infantil"},"content":{"rendered":"<div class=\"three_fourth tt-column\"><\/div><p>&nbsp;<\/p>\n<div class=\"one_fourth_last tt-column\"><p><span style=\"font-size: x-large;\">Playground Infantil<\/span><br \/>\nO Parque Infantil do Cep tem v\u00e1rias atra\u00e7\u00f5es, brinquedos modernos e seguros em uma magn\u00edfica \u00e1rea verde. Para conforto e comodidade das m\u00e3es o espa\u00e7o conta ainda com um completo frald\u00e1rio. Aqui seus filhos v\u00e3o brincar com seguran\u00e7a como se estivessem no quintal da sua casa!<\/p>\n<\/div><br class=\"clear\" \/><p>&nbsp;<\/p>\n<p>&nbsp;<\/p>\n","protected":false},"excerpt":{"rendered":"<p>&nbsp;<br \/>\n&nbsp;<br \/>\n&nbsp;<\/p>\n","protected":false},"author":1,"featured_media":0,"parent":0,"menu_order":0,"comment_status":"open","ping_status":"open","template":"template-full-width.php","meta":{"footnotes":""},"class_list":["post-829","page","type-page","status-publish","hentry"],"_links":{"self":[{"href":"https:\/\/cepenha.com.br\/index.php\/wp-json\/wp\/v2\/pages\/829","targetHints":{"allow":["GET"]}}],"collection":[{"href":"https:\/\/cepenha.com.br\/index.php\/wp-json\/wp\/v2\/pages"}],"about":[{"href":"https:\/\/cepenha.com.br\/index.php\/wp-json\/wp\/v2\/types\/page"}],"author":[{"embeddable":true,"href":"https:\/\/cepenha.com.br\/index.php\/wp-json\/wp\/v2\/users\/1"}],"replies":[{"embeddable":true,"href":"https:\/\/cepenha.com.br\/index.php\/wp-json\/wp\/v2\/comments?post=829"}],"version-history":[{"count":7,"href":"https:\/\/cepenha.com.br\/index.php\/wp-json\/wp\/v2\/pages\/829\/revisions"}],"predecessor-version":[{"id":5005,"href":"https:\/\/cepenha.com.br\/index.php\/wp-json\/wp\/v2\/pages\/829\/revisions\/5005"}],"wp:attachment":[{"href":"https:\/\/cepenha.com.br\/index.php\/wp-json\/wp\/v2\/media?parent=829"}],"curies":[{"name":"wp","href":"https:\/\/api.w.org\/{rel}","templated":true}]}}