{"id":75,"date":"2015-06-09T14:02:09","date_gmt":"2015-06-09T14:02:09","guid":{"rendered":"http:\/\/cepenha.net.br\/?page_id=75"},"modified":"2022-12-16T14:44:40","modified_gmt":"2022-12-16T14:44:40","slug":"departamento-medico","status":"publish","type":"page","link":"https:\/\/cepenha.com.br\/index.php\/departamento-medico\/","title":{"rendered":"Departamento M\u00e9dico"},"content":{"rendered":"<div class=\"three_fourth tt-column\"><\/div><div class=\"one_fourth_last tt-column\"><p><span style=\"font-size: x-large;\">Departamento M\u00e9dico&nbsp;<\/span><br \/>\nDestina-se ao atendimento m\u00e9dico, em n\u00edvel ambulatorial e de emerg\u00eancia aos associados. Disp\u00f5e de profissionais da \u00e1rea de sa\u00fade, inclusive m\u00e9dico nos finais de semana e realiza tamb\u00e9m Exames M\u00e9dicos para a pr\u00e1tica de esportes.<\/p>\n<\/div><br class=\"clear\" \/>","protected":false},"excerpt":{"rendered":"","protected":false},"author":1,"featured_media":0,"parent":0,"menu_order":0,"comment_status":"open","ping_status":"open","template":"template-full-width.php","meta":{"footnotes":""},"class_list":["post-75","page","type-page","status-publish","hentry"],"_links":{"self":[{"href":"https:\/\/cepenha.com.br\/index.php\/wp-json\/wp\/v2\/pages\/75","targetHints":{"allow":["GET"]}}],"collection":[{"href":"https:\/\/cepenha.com.br\/index.php\/wp-json\/wp\/v2\/pages"}],"about":[{"href":"https:\/\/cepenha.com.br\/index.php\/wp-json\/wp\/v2\/types\/page"}],"author":[{"embeddable":true,"href":"https:\/\/cepenha.com.br\/index.php\/wp-json\/wp\/v2\/users\/1"}],"replies":[{"embeddable":true,"href":"https:\/\/cepenha.com.br\/index.php\/wp-json\/wp\/v2\/comments?post=75"}],"version-history":[{"count":8,"href":"https:\/\/cepenha.com.br\/index.php\/wp-json\/wp\/v2\/pages\/75\/revisions"}],"predecessor-version":[{"id":5031,"href":"https:\/\/cepenha.com.br\/index.php\/wp-json\/wp\/v2\/pages\/75\/revisions\/5031"}],"wp:attachment":[{"href":"https:\/\/cepenha.com.br\/index.php\/wp-json\/wp\/v2\/media?parent=75"}],"curies":[{"name":"wp","href":"https:\/\/api.w.org\/{rel}","templated":true}]}}