{"id":4514,"date":"2022-02-18T13:25:12","date_gmt":"2022-02-18T13:25:12","guid":{"rendered":"http:\/\/cepenha.com.br\/?page_id=4514"},"modified":"2022-12-16T12:48:07","modified_gmt":"2022-12-16T12:48:07","slug":"taekwondo","status":"publish","type":"page","link":"https:\/\/cepenha.com.br\/index.php\/taekwondo\/","title":{"rendered":"Taekwondo"},"content":{"rendered":"<div class=\"three_fourth tt-column\"><\/div><p>&nbsp;<\/p>\n<div class=\"one_fourth_last tt-column\"><p><span style=\"font-size: x-large;\">Taekwondo<\/span><br \/>\nPertencentes \u00e0 escola Tradicional de Taekwondo (Songmookwan),&nbsp;dentro de nosso Dojang s\u00e3o repassadas todas as tradi\u00e7\u00f5es e modernidades, com isso nossos alunos saber\u00e3o tanto competir em alto rendimento quanto se defender em situa\u00e7\u00f5es reais de perigo.<br \/>\nN\u00e3o perca essa oportunidade!!!<\/p>\n<\/div><br class=\"clear\" \/><p>&nbsp;<\/p>\n","protected":false},"excerpt":{"rendered":"<p>&nbsp;<br \/>\n&nbsp;<\/p>\n","protected":false},"author":1,"featured_media":0,"parent":0,"menu_order":0,"comment_status":"open","ping_status":"open","template":"","meta":{"footnotes":""},"class_list":["post-4514","page","type-page","status-publish","hentry"],"_links":{"self":[{"href":"https:\/\/cepenha.com.br\/index.php\/wp-json\/wp\/v2\/pages\/4514","targetHints":{"allow":["GET"]}}],"collection":[{"href":"https:\/\/cepenha.com.br\/index.php\/wp-json\/wp\/v2\/pages"}],"about":[{"href":"https:\/\/cepenha.com.br\/index.php\/wp-json\/wp\/v2\/types\/page"}],"author":[{"embeddable":true,"href":"https:\/\/cepenha.com.br\/index.php\/wp-json\/wp\/v2\/users\/1"}],"replies":[{"embeddable":true,"href":"https:\/\/cepenha.com.br\/index.php\/wp-json\/wp\/v2\/comments?post=4514"}],"version-history":[{"count":5,"href":"https:\/\/cepenha.com.br\/index.php\/wp-json\/wp\/v2\/pages\/4514\/revisions"}],"predecessor-version":[{"id":4948,"href":"https:\/\/cepenha.com.br\/index.php\/wp-json\/wp\/v2\/pages\/4514\/revisions\/4948"}],"wp:attachment":[{"href":"https:\/\/cepenha.com.br\/index.php\/wp-json\/wp\/v2\/media?parent=4514"}],"curies":[{"name":"wp","href":"https:\/\/api.w.org\/{rel}","templated":true}]}}