{"id":3685,"date":"2020-06-22T13:05:23","date_gmt":"2020-06-22T13:05:23","guid":{"rendered":"http:\/\/cepenha.com.br\/?page_id=3685"},"modified":"2020-06-22T13:13:18","modified_gmt":"2020-06-22T13:13:18","slug":"pista-de-caminhada","status":"publish","type":"page","link":"https:\/\/cepenha.com.br\/index.php\/pista-de-caminhada\/","title":{"rendered":"Pista de Caminhada"},"content":{"rendered":"<p><img loading=\"lazy\" decoding=\"async\" src=\"http:\/\/cepenha.com.br\/wp-content\/uploads\/2020\/06\/pista_de_caminhada-1024x1024.jpg\" alt=\"pista_de_caminhada\" width=\"600\" height=\"600\" class=\"alignleft size-large wp-image-3688\" srcset=\"https:\/\/cepenha.com.br\/wp-content\/uploads\/2020\/06\/pista_de_caminhada-1024x1024.jpg 1024w, https:\/\/cepenha.com.br\/wp-content\/uploads\/2020\/06\/pista_de_caminhada-150x150.jpg 150w, https:\/\/cepenha.com.br\/wp-content\/uploads\/2020\/06\/pista_de_caminhada-300x300.jpg 300w, https:\/\/cepenha.com.br\/wp-content\/uploads\/2020\/06\/pista_de_caminhada-768x768.jpg 768w, https:\/\/cepenha.com.br\/wp-content\/uploads\/2020\/06\/pista_de_caminhada.jpg 1200w\" sizes=\"auto, (max-width: 600px) 100vw, 600px\" \/><\/p>\n<div class=\"one_third_last tt-column\"><p><span style=\"font-size: x-large;\">Pista de Caminhada<\/span><br \/>\nUma atividade excelente para todas as idades, a caminhada proporciona in\u00fameros benef\u00edcios para os praticantes. Nossa pista de caminhada possui 1.175m com a maioria do percurso em \u00e1rea sombreada e com ar puro. \u00c9 uma pista praticamente plana com paisagem agrad\u00e1vel e total seguran\u00e7a.<\/p>\n<\/div><br class=\"clear\" \/>","protected":false},"excerpt":{"rendered":"<p><\/p>\n","protected":false},"author":1,"featured_media":0,"parent":0,"menu_order":0,"comment_status":"open","ping_status":"open","template":"template-full-width.php","meta":{"footnotes":""},"class_list":["post-3685","page","type-page","status-publish","hentry"],"_links":{"self":[{"href":"https:\/\/cepenha.com.br\/index.php\/wp-json\/wp\/v2\/pages\/3685","targetHints":{"allow":["GET"]}}],"collection":[{"href":"https:\/\/cepenha.com.br\/index.php\/wp-json\/wp\/v2\/pages"}],"about":[{"href":"https:\/\/cepenha.com.br\/index.php\/wp-json\/wp\/v2\/types\/page"}],"author":[{"embeddable":true,"href":"https:\/\/cepenha.com.br\/index.php\/wp-json\/wp\/v2\/users\/1"}],"replies":[{"embeddable":true,"href":"https:\/\/cepenha.com.br\/index.php\/wp-json\/wp\/v2\/comments?post=3685"}],"version-history":[{"count":11,"href":"https:\/\/cepenha.com.br\/index.php\/wp-json\/wp\/v2\/pages\/3685\/revisions"}],"predecessor-version":[{"id":3698,"href":"https:\/\/cepenha.com.br\/index.php\/wp-json\/wp\/v2\/pages\/3685\/revisions\/3698"}],"wp:attachment":[{"href":"https:\/\/cepenha.com.br\/index.php\/wp-json\/wp\/v2\/media?parent=3685"}],"curies":[{"name":"wp","href":"https:\/\/api.w.org\/{rel}","templated":true}]}}