{"id":3649,"date":"2020-04-27T17:55:55","date_gmt":"2020-04-27T17:55:55","guid":{"rendered":"http:\/\/cepenha.com.br\/?page_id=3649"},"modified":"2021-06-09T21:23:47","modified_gmt":"2021-06-09T21:23:47","slug":"desconto-mensalidades_nulo","status":"publish","type":"page","link":"https:\/\/cepenha.com.br\/index.php\/desconto-mensalidades_nulo\/","title":{"rendered":"Desconto Mensalidades"},"content":{"rendered":"<p><strong>Desconto nas Mensalidades de Maio e Junho de 2020<\/strong><\/p>\n<p>A Pandemia da Covid 19 impactou negativamente a situa\u00e7\u00e3o financeira de todas as pessoas e empresas. Sabemos que nossos associados tamb\u00e9m ter\u00e3o dificuldades para o pagamento de mensalidades e nosso Clube est\u00e1 oferecendo um desconto de 20% nas contribui\u00e7\u00f5es associativas dos meses de maio e junho para todos os associados que estiverem em dia com suas mensalidades e efetuarem o pagamento at\u00e9 o dia 10 de cada m\u00eas.<\/p>\n<p><strong>POL\u00cdTICAS DE DESCONTOS:<\/strong><\/p>\n<p>1) Os pagamento efetuados at\u00e9 o dia 10 de cada m\u00eas, receber\u00e3o 20% de desconto sobre o valor das mensalidades;<br \/>\n2) Pagamentos efetuados ap\u00f3s o dia 10 e at\u00e9 o dia 20 de cada m\u00eas, receber\u00e3o desconto de 15% sobre o valor da mensalidade;<br \/>\n3) O pagamento da mensalidade de maio poder\u00e1 ser feito at\u00e9 o \u00faltimo dia do m\u00eas, dia 31, com o desconto de 10%;<br \/>\n4) A mensalidade de junho poder\u00e1 ser paga at\u00e9 o \u00faltimo dia do m\u00eas, dia 30, com o desconto de 10%;<br \/>\n5) Pagamento efetuados ap\u00f3s o \u00faltimo dia de cada m\u00eas, n\u00e3o receber\u00e3o desconto;<br \/>\n6) Pagamentos efetuados diretamente em nossa secretaria ou feitos atrav\u00e9s de dep\u00f3sito ou transfer\u00eancia banc\u00e1ria, receber\u00e3o os mesmos descontos aplicados aos boletos;<br \/>\n7) Associados que efetuaram pagamento da anualidade ser\u00e3o ressarcidos proporcionalmente.\u00a0Oportunamente nossa Secretaria vai definir\u00a0como ser\u00e1 feita a compensa\u00e7\u00e3o.<\/li>\n<p>&nbsp;<\/p>\n<p>&nbsp;<\/p>\n<p><img loading=\"lazy\" decoding=\"async\" src=\"http:\/\/cepenha.com.br\/wp-content\/uploads\/2020\/04\/desconto-20-1-1024x1024.jpg\" alt=\"desconto-20\" width=\"560\" height=\"560\" class=\"aligncenter size-large wp-image-3667\" srcset=\"https:\/\/cepenha.com.br\/wp-content\/uploads\/2020\/04\/desconto-20-1-1024x1024.jpg 1024w, https:\/\/cepenha.com.br\/wp-content\/uploads\/2020\/04\/desconto-20-1-150x150.jpg 150w, https:\/\/cepenha.com.br\/wp-content\/uploads\/2020\/04\/desconto-20-1-300x300.jpg 300w, https:\/\/cepenha.com.br\/wp-content\/uploads\/2020\/04\/desconto-20-1-768x768.jpg 768w, https:\/\/cepenha.com.br\/wp-content\/uploads\/2020\/04\/desconto-20-1.jpg 1200w\" sizes=\"auto, (max-width: 560px) 100vw, 560px\" \/><\/p>\n","protected":false},"excerpt":{"rendered":"<p>Desconto nas Mensalidades de Maio e Junho de 2020<br \/>\nA Pandemia da Covid 19 impactou negativamente a situa\u00e7\u00e3o financeira de todas as pessoas e empresas. Sabemos que nossos associados tamb\u00e9m ter\u00e3o dificuldades para o pagamento de mensalidades e nosso Clube est\u00e1 oferecendo um desconto de 20% nas contribui\u00e7\u00f5es associativas dos meses de maio e junho para todos os associados que estiverem em dia com suas mensalidades e efetuarem o pagamento at\u00e9 o dia 10 de cada m\u00eas.<br \/>\nPOL\u00cdTICAS DE DESCONTOS:<br ...\n<\/p>\n","protected":false},"author":1,"featured_media":0,"parent":0,"menu_order":0,"comment_status":"open","ping_status":"open","template":"","meta":{"footnotes":""},"class_list":["post-3649","page","type-page","status-publish","hentry"],"_links":{"self":[{"href":"https:\/\/cepenha.com.br\/index.php\/wp-json\/wp\/v2\/pages\/3649","targetHints":{"allow":["GET"]}}],"collection":[{"href":"https:\/\/cepenha.com.br\/index.php\/wp-json\/wp\/v2\/pages"}],"about":[{"href":"https:\/\/cepenha.com.br\/index.php\/wp-json\/wp\/v2\/types\/page"}],"author":[{"embeddable":true,"href":"https:\/\/cepenha.com.br\/index.php\/wp-json\/wp\/v2\/users\/1"}],"replies":[{"embeddable":true,"href":"https:\/\/cepenha.com.br\/index.php\/wp-json\/wp\/v2\/comments?post=3649"}],"version-history":[{"count":17,"href":"https:\/\/cepenha.com.br\/index.php\/wp-json\/wp\/v2\/pages\/3649\/revisions"}],"predecessor-version":[{"id":4173,"href":"https:\/\/cepenha.com.br\/index.php\/wp-json\/wp\/v2\/pages\/3649\/revisions\/4173"}],"wp:attachment":[{"href":"https:\/\/cepenha.com.br\/index.php\/wp-json\/wp\/v2\/media?parent=3649"}],"curies":[{"name":"wp","href":"https:\/\/api.w.org\/{rel}","templated":true}]}}