{"id":3625,"date":"2020-04-22T18:38:39","date_gmt":"2020-04-22T18:38:39","guid":{"rendered":"http:\/\/cepenha.com.br\/?page_id=3625"},"modified":"2023-02-15T19:16:39","modified_gmt":"2023-02-15T19:16:39","slug":"certificados","status":"publish","type":"page","link":"https:\/\/cepenha.com.br\/index.php\/certificados\/","title":{"rendered":"Certificados de Pagamento de Taxa de Ades\u00e3o"},"content":{"rendered":"<p><img loading=\"lazy\" decoding=\"async\" src=\"http:\/\/cepenha.com.br\/wp-content\/uploads\/2020\/04\/tit_page.jpg\" alt=\"tit_page\" width=\"784\" height=\"91\" class=\"aligncenter size-full wp-image-3645\" srcset=\"https:\/\/cepenha.com.br\/wp-content\/uploads\/2020\/04\/tit_page.jpg 784w, https:\/\/cepenha.com.br\/wp-content\/uploads\/2020\/04\/tit_page-300x35.jpg 300w, https:\/\/cepenha.com.br\/wp-content\/uploads\/2020\/04\/tit_page-768x89.jpg 768w\" sizes=\"auto, (max-width: 784px) 100vw, 784px\" \/><\/p>\n<p>PARA QUE SERVE: \u00c9 um documento que permite ao associado transferir para uma outra pessoa, mediante declara\u00e7\u00e3o no verso, a titularidade sobre o Certificado, que faculta o ingresso do novo associado sem o pagamento da Taxa de Ades\u00e3o ou Joia. Consulte o SAA &#8211; Servi\u00e7o de Atendimento ao Associado, 11 95788-4137 para verificar as campanhas de concess\u00e3o do Certificado que est\u00e3o vigentes e se o associado se enquadra nas condi\u00e7\u00f5es para ter direito ao mesmo.<\/p>\n<p><img loading=\"lazy\" decoding=\"async\" src=\"http:\/\/cepenha.com.br\/wp-content\/uploads\/2020\/04\/certificado_ades\u00e3o_mini_site_final_110.jpg\" alt=\"certificado_ades\u00e3o_mini_site_final_110\" width=\"1000\" height=\"547\" class=\"aligncenter size-full wp-image-3637\" srcset=\"https:\/\/cepenha.com.br\/wp-content\/uploads\/2020\/04\/certificado_ades\u00e3o_mini_site_final_110.jpg 1000w, https:\/\/cepenha.com.br\/wp-content\/uploads\/2020\/04\/certificado_ades\u00e3o_mini_site_final_110-300x164.jpg 300w, https:\/\/cepenha.com.br\/wp-content\/uploads\/2020\/04\/certificado_ades\u00e3o_mini_site_final_110-768x420.jpg 768w\" sizes=\"auto, (max-width: 1000px) 100vw, 1000px\" \/><\/p>\n","protected":false},"excerpt":{"rendered":"<p>\nPARA QUE SERVE: \u00c9 um documento que permite ao associado transferir para uma outra pessoa, mediante declara\u00e7\u00e3o no verso, a titularidade sobre o Certificado, que faculta o ingresso do novo associado sem o pagamento da Taxa de Ades\u00e3o ou Joia. Consulte o SAA &#8211; Servi\u00e7o de Atendimento ao Associado, 11 95788-4137 para verificar as campanhas de concess\u00e3o do Certificado que est\u00e3o vigentes e se o associado se enquadra nas condi\u00e7\u00f5es para ter direito ao mesmo.<\/p>\n","protected":false},"author":1,"featured_media":0,"parent":0,"menu_order":0,"comment_status":"open","ping_status":"open","template":"template-full-width.php","meta":{"footnotes":""},"class_list":["post-3625","page","type-page","status-publish","hentry"],"_links":{"self":[{"href":"https:\/\/cepenha.com.br\/index.php\/wp-json\/wp\/v2\/pages\/3625","targetHints":{"allow":["GET"]}}],"collection":[{"href":"https:\/\/cepenha.com.br\/index.php\/wp-json\/wp\/v2\/pages"}],"about":[{"href":"https:\/\/cepenha.com.br\/index.php\/wp-json\/wp\/v2\/types\/page"}],"author":[{"embeddable":true,"href":"https:\/\/cepenha.com.br\/index.php\/wp-json\/wp\/v2\/users\/1"}],"replies":[{"embeddable":true,"href":"https:\/\/cepenha.com.br\/index.php\/wp-json\/wp\/v2\/comments?post=3625"}],"version-history":[{"count":15,"href":"https:\/\/cepenha.com.br\/index.php\/wp-json\/wp\/v2\/pages\/3625\/revisions"}],"predecessor-version":[{"id":5184,"href":"https:\/\/cepenha.com.br\/index.php\/wp-json\/wp\/v2\/pages\/3625\/revisions\/5184"}],"wp:attachment":[{"href":"https:\/\/cepenha.com.br\/index.php\/wp-json\/wp\/v2\/media?parent=3625"}],"curies":[{"name":"wp","href":"https:\/\/api.w.org\/{rel}","templated":true}]}}