{"id":3352,"date":"2019-09-27T17:15:17","date_gmt":"2019-09-27T17:15:17","guid":{"rendered":"http:\/\/cepenha.com.br\/?page_id=3352"},"modified":"2022-12-16T14:28:42","modified_gmt":"2022-12-16T14:28:42","slug":"ballet-e-jazz","status":"publish","type":"page","link":"https:\/\/cepenha.com.br\/index.php\/ballet-e-jazz\/","title":{"rendered":"Ballet e Jazz"},"content":{"rendered":"<div class=\"three_fourth tt-column\"><\/div><p>&nbsp;<\/p>\n<div class=\"one_fourth_last tt-column\"><p><span style=\"font-size: x-large\">Ballet e Jazz<\/span><br \/>\nCom suavidade, por\u00e9m de maneira marcante, a dan\u00e7a proporciona resist\u00eancia f\u00edsica, equil\u00edbrio, flexibilidade, coordena\u00e7\u00e3o motora, musicalidade, ritmo, a concentra\u00e7\u00e3o e mem\u00f3ria.<\/p>\n<\/div><br class=\"clear\" \/><p>&nbsp;<br \/>\n<img loading=\"lazy\" decoding=\"async\" class=\"aligncenter size-large wp-image-4247\" src=\"http:\/\/cepenha.com.br\/wp-content\/uploads\/2021\/08\/ballet_retorno_fase_transicao-1024x1024.jpg\" alt=\"ballet_retorno_fase_transicao\" width=\"960\" height=\"960\" srcset=\"https:\/\/cepenha.com.br\/wp-content\/uploads\/2021\/08\/ballet_retorno_fase_transicao-1024x1024.jpg 1024w, https:\/\/cepenha.com.br\/wp-content\/uploads\/2021\/08\/ballet_retorno_fase_transicao-150x150.jpg 150w, https:\/\/cepenha.com.br\/wp-content\/uploads\/2021\/08\/ballet_retorno_fase_transicao-300x300.jpg 300w, https:\/\/cepenha.com.br\/wp-content\/uploads\/2021\/08\/ballet_retorno_fase_transicao-768x768.jpg 768w, https:\/\/cepenha.com.br\/wp-content\/uploads\/2021\/08\/ballet_retorno_fase_transicao.jpg 1200w\" sizes=\"auto, (max-width: 960px) 100vw, 960px\" \/><\/p>\n","protected":false},"excerpt":{"rendered":"<p>&nbsp;<br \/>\n&nbsp;<\/p>\n","protected":false},"author":1,"featured_media":0,"parent":0,"menu_order":0,"comment_status":"open","ping_status":"open","template":"template-full-width.php","meta":{"footnotes":""},"class_list":["post-3352","page","type-page","status-publish","hentry"],"_links":{"self":[{"href":"https:\/\/cepenha.com.br\/index.php\/wp-json\/wp\/v2\/pages\/3352","targetHints":{"allow":["GET"]}}],"collection":[{"href":"https:\/\/cepenha.com.br\/index.php\/wp-json\/wp\/v2\/pages"}],"about":[{"href":"https:\/\/cepenha.com.br\/index.php\/wp-json\/wp\/v2\/types\/page"}],"author":[{"embeddable":true,"href":"https:\/\/cepenha.com.br\/index.php\/wp-json\/wp\/v2\/users\/1"}],"replies":[{"embeddable":true,"href":"https:\/\/cepenha.com.br\/index.php\/wp-json\/wp\/v2\/comments?post=3352"}],"version-history":[{"count":6,"href":"https:\/\/cepenha.com.br\/index.php\/wp-json\/wp\/v2\/pages\/3352\/revisions"}],"predecessor-version":[{"id":5023,"href":"https:\/\/cepenha.com.br\/index.php\/wp-json\/wp\/v2\/pages\/3352\/revisions\/5023"}],"wp:attachment":[{"href":"https:\/\/cepenha.com.br\/index.php\/wp-json\/wp\/v2\/media?parent=3352"}],"curies":[{"name":"wp","href":"https:\/\/api.w.org\/{rel}","templated":true}]}}