{"id":300,"date":"2015-06-10T13:19:29","date_gmt":"2015-06-10T13:19:29","guid":{"rendered":"http:\/\/cepenha.net.br\/?page_id=300"},"modified":"2023-06-23T19:04:37","modified_gmt":"2023-06-23T19:04:37","slug":"futebol","status":"publish","type":"page","link":"https:\/\/cepenha.com.br\/index.php\/futebol\/","title":{"rendered":"Sede do Futebol"},"content":{"rendered":"<div class=\"three_fourth tt-column\"><\/div><div class=\"one_fourth_last tt-column\"><p><span style=\"font-size: x-large;\">Sede do Futebol<\/span><br \/>\nOs associados que praticam futebol disp\u00f5em de uma magn\u00edfica sede para realizar encontros, premia\u00e7\u00f5es ou comemora\u00e7\u00f5es. O espa\u00e7o \u00e9 composto de dois ambientes iguais, ambos dispondo de completa infraestrutura, como churrasqueira, freezer, pia, mesas e diversas outras utilidades. Esta infraestrutura permite que duas equipes possam realizar seus encontros simultaneamente.<\/p>\n<\/div><br class=\"clear\" \/>","protected":false},"excerpt":{"rendered":"","protected":false},"author":1,"featured_media":0,"parent":0,"menu_order":0,"comment_status":"open","ping_status":"closed","template":"template-full-width.php","meta":{"footnotes":""},"class_list":["post-300","page","type-page","status-publish","hentry"],"_links":{"self":[{"href":"https:\/\/cepenha.com.br\/index.php\/wp-json\/wp\/v2\/pages\/300","targetHints":{"allow":["GET"]}}],"collection":[{"href":"https:\/\/cepenha.com.br\/index.php\/wp-json\/wp\/v2\/pages"}],"about":[{"href":"https:\/\/cepenha.com.br\/index.php\/wp-json\/wp\/v2\/types\/page"}],"author":[{"embeddable":true,"href":"https:\/\/cepenha.com.br\/index.php\/wp-json\/wp\/v2\/users\/1"}],"replies":[{"embeddable":true,"href":"https:\/\/cepenha.com.br\/index.php\/wp-json\/wp\/v2\/comments?post=300"}],"version-history":[{"count":4,"href":"https:\/\/cepenha.com.br\/index.php\/wp-json\/wp\/v2\/pages\/300\/revisions"}],"predecessor-version":[{"id":5298,"href":"https:\/\/cepenha.com.br\/index.php\/wp-json\/wp\/v2\/pages\/300\/revisions\/5298"}],"wp:attachment":[{"href":"https:\/\/cepenha.com.br\/index.php\/wp-json\/wp\/v2\/media?parent=300"}],"curies":[{"name":"wp","href":"https:\/\/api.w.org\/{rel}","templated":true}]}}