{"id":293,"date":"2015-06-10T13:17:22","date_gmt":"2015-06-10T13:17:22","guid":{"rendered":"http:\/\/cepenha.net.br\/?page_id=293"},"modified":"2024-11-05T20:22:28","modified_gmt":"2024-11-05T20:22:28","slug":"natacao","status":"publish","type":"page","link":"https:\/\/cepenha.com.br\/index.php\/natacao\/","title":{"rendered":"Nata\u00e7\u00e3o"},"content":{"rendered":"<div class=\"three_fourth tt-column\"><\/div><div class=\"one_fourth_last tt-column\"><p><span style=\"font-size: x-large;\">Nata\u00e7\u00e3o<\/span><br \/>\nNata\u00e7\u00e3o \u00e9 a capacidade do homem e de outros animais de se deslocarem atrav\u00e9s de movimentos efetuados no meio l\u00edquido, geralmente sem ajuda artificial. A nata\u00e7\u00e3o \u00e9 uma atividade que pode ser simultaneamente \u00fatil e recreativa. As suas principais utiliza\u00e7\u00f5es s\u00e3o recreativas, balneares, pesca, exerc\u00edcio e desporto. Para veicular fale com o Departamento de Marketing, Tel.: (11) 2082-7248.<\/p>\n<\/div><br class=\"clear\" \/><p><a href=\"http:\/\/cepenha.com.br\/wp-content\/uploads\/2024\/11\/natacao.png\"><img loading=\"lazy\" decoding=\"async\" class=\"size-large wp-image-6263 aligncenter\" src=\"http:\/\/cepenha.com.br\/wp-content\/uploads\/2024\/11\/natacao-819x1024.png\" alt=\"\" width=\"819\" height=\"1024\" srcset=\"https:\/\/cepenha.com.br\/wp-content\/uploads\/2024\/11\/natacao-819x1024.png 819w, https:\/\/cepenha.com.br\/wp-content\/uploads\/2024\/11\/natacao-240x300.png 240w, https:\/\/cepenha.com.br\/wp-content\/uploads\/2024\/11\/natacao-768x960.png 768w, https:\/\/cepenha.com.br\/wp-content\/uploads\/2024\/11\/natacao.png 1080w\" sizes=\"auto, (max-width: 819px) 100vw, 819px\" \/><\/a><\/p>\n","protected":false},"excerpt":{"rendered":"<p><\/p>\n","protected":false},"author":1,"featured_media":0,"parent":0,"menu_order":0,"comment_status":"open","ping_status":"open","template":"template-full-width.php","meta":{"footnotes":""},"class_list":["post-293","page","type-page","status-publish","hentry"],"_links":{"self":[{"href":"https:\/\/cepenha.com.br\/index.php\/wp-json\/wp\/v2\/pages\/293","targetHints":{"allow":["GET"]}}],"collection":[{"href":"https:\/\/cepenha.com.br\/index.php\/wp-json\/wp\/v2\/pages"}],"about":[{"href":"https:\/\/cepenha.com.br\/index.php\/wp-json\/wp\/v2\/types\/page"}],"author":[{"embeddable":true,"href":"https:\/\/cepenha.com.br\/index.php\/wp-json\/wp\/v2\/users\/1"}],"replies":[{"embeddable":true,"href":"https:\/\/cepenha.com.br\/index.php\/wp-json\/wp\/v2\/comments?post=293"}],"version-history":[{"count":4,"href":"https:\/\/cepenha.com.br\/index.php\/wp-json\/wp\/v2\/pages\/293\/revisions"}],"predecessor-version":[{"id":6265,"href":"https:\/\/cepenha.com.br\/index.php\/wp-json\/wp\/v2\/pages\/293\/revisions\/6265"}],"wp:attachment":[{"href":"https:\/\/cepenha.com.br\/index.php\/wp-json\/wp\/v2\/media?parent=293"}],"curies":[{"name":"wp","href":"https:\/\/api.w.org\/{rel}","templated":true}]}}