{"id":287,"date":"2015-06-10T13:12:54","date_gmt":"2015-06-10T13:12:54","guid":{"rendered":"http:\/\/cepenha.net.br\/?page_id=287"},"modified":"2022-12-16T12:19:23","modified_gmt":"2022-12-16T12:19:23","slug":"malha","status":"publish","type":"page","link":"https:\/\/cepenha.com.br\/index.php\/malha\/","title":{"rendered":"Malha"},"content":{"rendered":"<div class=\"three_fourth tt-column\"><\/div><p>&nbsp;<\/p>\n<div class=\"one_fourth_last tt-column\"><p><span style=\"font-size: x-large\">Malha<\/span><br \/>\nO Jogo da malha, Chinquilho ou Jogo do fito \u00e9 um desporto onde se lan\u00e7am discos de metal (ou pedras chatas, no caso do jogo do fito) em dire\u00e7\u00e3o a um pino com a inten\u00e7\u00e3o de derrub\u00e1-lo e\/ou deixar a malha (ou o fito) o mais pr\u00f3ximo poss\u00edvel deste pino. O jogo da malha \u00e9 um jogo de pontaria aparentado com a galocha bigode. Para veicular fale com o Departamento de Marketing, Tel.: (11) 2082-7248.<\/p>\n<\/div><br class=\"clear\" \/>","protected":false},"excerpt":{"rendered":"<p>&nbsp;<\/p>\n","protected":false},"author":1,"featured_media":0,"parent":0,"menu_order":0,"comment_status":"open","ping_status":"open","template":"template-full-width.php","meta":{"footnotes":""},"class_list":["post-287","page","type-page","status-publish","hentry"],"_links":{"self":[{"href":"https:\/\/cepenha.com.br\/index.php\/wp-json\/wp\/v2\/pages\/287","targetHints":{"allow":["GET"]}}],"collection":[{"href":"https:\/\/cepenha.com.br\/index.php\/wp-json\/wp\/v2\/pages"}],"about":[{"href":"https:\/\/cepenha.com.br\/index.php\/wp-json\/wp\/v2\/types\/page"}],"author":[{"embeddable":true,"href":"https:\/\/cepenha.com.br\/index.php\/wp-json\/wp\/v2\/users\/1"}],"replies":[{"embeddable":true,"href":"https:\/\/cepenha.com.br\/index.php\/wp-json\/wp\/v2\/comments?post=287"}],"version-history":[{"count":7,"href":"https:\/\/cepenha.com.br\/index.php\/wp-json\/wp\/v2\/pages\/287\/revisions"}],"predecessor-version":[{"id":4933,"href":"https:\/\/cepenha.com.br\/index.php\/wp-json\/wp\/v2\/pages\/287\/revisions\/4933"}],"wp:attachment":[{"href":"https:\/\/cepenha.com.br\/index.php\/wp-json\/wp\/v2\/media?parent=287"}],"curies":[{"name":"wp","href":"https:\/\/api.w.org\/{rel}","templated":true}]}}