{"id":272,"date":"2015-06-10T13:08:27","date_gmt":"2015-06-10T13:08:27","guid":{"rendered":"http:\/\/cepenha.net.br\/?page_id=272"},"modified":"2015-08-10T13:27:04","modified_gmt":"2015-08-10T13:27:04","slug":"bochas","status":"publish","type":"page","link":"https:\/\/cepenha.com.br\/index.php\/bochas\/","title":{"rendered":"Bochas"},"content":{"rendered":"<div class=\"three_fourth tt-column\"><p>[layerslider id=&#8221;50&#8243;]<\/p>\n<\/div><p>&nbsp;<\/p>\n<div class=\"one_fourth_last tt-column\"><p><span style=\"font-size: x-large;\">Bochas<\/span><br \/>\nBocha \u00e9 um espote criado na \u00e9poca do Imp\u00e9rio Romano \u00e9 um esporte jogado entre duas equipes, sendo seis bochas (bolas) para cada equipe, na modalidade trio quatro bochas (bolas), na modalidade dupla duas para cada atleta, e quatro tamb\u00e9m na modalidade individual, onde dois jogadores, um de cada equipe, se enfrentam individualmente. No Cep oferecemos uma pista oficial de bochas para os associados.<\/p>\n<\/div><br class=\"clear\" \/>","protected":false},"excerpt":{"rendered":"<p>&nbsp;<\/p>\n","protected":false},"author":1,"featured_media":0,"parent":0,"menu_order":0,"comment_status":"open","ping_status":"open","template":"template-full-width.php","meta":{"footnotes":""},"class_list":["post-272","page","type-page","status-publish","hentry"],"_links":{"self":[{"href":"https:\/\/cepenha.com.br\/index.php\/wp-json\/wp\/v2\/pages\/272","targetHints":{"allow":["GET"]}}],"collection":[{"href":"https:\/\/cepenha.com.br\/index.php\/wp-json\/wp\/v2\/pages"}],"about":[{"href":"https:\/\/cepenha.com.br\/index.php\/wp-json\/wp\/v2\/types\/page"}],"author":[{"embeddable":true,"href":"https:\/\/cepenha.com.br\/index.php\/wp-json\/wp\/v2\/users\/1"}],"replies":[{"embeddable":true,"href":"https:\/\/cepenha.com.br\/index.php\/wp-json\/wp\/v2\/comments?post=272"}],"version-history":[{"count":6,"href":"https:\/\/cepenha.com.br\/index.php\/wp-json\/wp\/v2\/pages\/272\/revisions"}],"predecessor-version":[{"id":1111,"href":"https:\/\/cepenha.com.br\/index.php\/wp-json\/wp\/v2\/pages\/272\/revisions\/1111"}],"wp:attachment":[{"href":"https:\/\/cepenha.com.br\/index.php\/wp-json\/wp\/v2\/media?parent=272"}],"curies":[{"name":"wp","href":"https:\/\/api.w.org\/{rel}","templated":true}]}}