{"id":261,"date":"2015-06-10T13:04:31","date_gmt":"2015-06-10T13:04:31","guid":{"rendered":"http:\/\/cepenha.net.br\/?page_id=261"},"modified":"2022-12-16T12:11:45","modified_gmt":"2022-12-16T12:11:45","slug":"judo","status":"publish","type":"page","link":"https:\/\/cepenha.com.br\/index.php\/judo\/","title":{"rendered":"Jud\u00f4"},"content":{"rendered":"<div class=\"three_fourth tt-column\"><\/div><div class=\"one_fourth_last tt-column\"><p><span style=\"font-size: x-large;\">Jud\u00f4<\/span><br \/>\nJud\u00f4 caminho suave, ou caminho da suavidade \u00e9 um esporte de combate praticado como arte marcial, fundado por Jigoro Kano em 1882. Os seus principais objetivos s\u00e3o fortalecer o f\u00edsico, a mente e o esp\u00edrito de forma integrada, al\u00e9m de desenvolver t\u00e9cnicas de defesa pessoal. No CEP oferecemos aos associados um espa\u00e7o para praticar a Arte Marcial.<\/p>\n<\/div><br class=\"clear\" \/>","protected":false},"excerpt":{"rendered":"","protected":false},"author":1,"featured_media":0,"parent":0,"menu_order":0,"comment_status":"open","ping_status":"open","template":"template-full-width.php","meta":{"footnotes":""},"class_list":["post-261","page","type-page","status-publish","hentry"],"_links":{"self":[{"href":"https:\/\/cepenha.com.br\/index.php\/wp-json\/wp\/v2\/pages\/261","targetHints":{"allow":["GET"]}}],"collection":[{"href":"https:\/\/cepenha.com.br\/index.php\/wp-json\/wp\/v2\/pages"}],"about":[{"href":"https:\/\/cepenha.com.br\/index.php\/wp-json\/wp\/v2\/types\/page"}],"author":[{"embeddable":true,"href":"https:\/\/cepenha.com.br\/index.php\/wp-json\/wp\/v2\/users\/1"}],"replies":[{"embeddable":true,"href":"https:\/\/cepenha.com.br\/index.php\/wp-json\/wp\/v2\/comments?post=261"}],"version-history":[{"count":14,"href":"https:\/\/cepenha.com.br\/index.php\/wp-json\/wp\/v2\/pages\/261\/revisions"}],"predecessor-version":[{"id":4929,"href":"https:\/\/cepenha.com.br\/index.php\/wp-json\/wp\/v2\/pages\/261\/revisions\/4929"}],"wp:attachment":[{"href":"https:\/\/cepenha.com.br\/index.php\/wp-json\/wp\/v2\/media?parent=261"}],"curies":[{"name":"wp","href":"https:\/\/api.w.org\/{rel}","templated":true}]}}