{"id":247,"date":"2015-06-10T12:58:50","date_gmt":"2015-06-10T12:58:50","guid":{"rendered":"http:\/\/cepenha.net.br\/?page_id=247"},"modified":"2022-12-16T12:07:02","modified_gmt":"2022-12-16T12:07:02","slug":"volei","status":"publish","type":"page","link":"https:\/\/cepenha.com.br\/index.php\/volei\/","title":{"rendered":"V\u00f4lei"},"content":{"rendered":"<div class=\"three_fourth tt-column\"><\/div><div class=\"one_fourth_last tt-column\"><p><span style=\"font-size: x-large;\">V\u00f4lei<\/span><br \/>\nOferecemos aos associados 04 quadras de V\u00f4lei, duas cobertas e duas descobertas. As atividades principais s\u00e3o realizados no Gin\u00e1sio Principal e no Mini Gin\u00e1sio. Disputamos os principais campeonatos de Voleibol em nossa cidade em diversas categorias, que v\u00e3o de Iniciantes ao M\u00e1ster.<\/p>\n<\/div><br class=\"clear\" \/><p>&nbsp;<\/p>\n","protected":false},"excerpt":{"rendered":"<p>&nbsp;<\/p>\n","protected":false},"author":1,"featured_media":0,"parent":0,"menu_order":0,"comment_status":"open","ping_status":"open","template":"template-full-width.php","meta":{"footnotes":""},"class_list":["post-247","page","type-page","status-publish","hentry"],"_links":{"self":[{"href":"https:\/\/cepenha.com.br\/index.php\/wp-json\/wp\/v2\/pages\/247","targetHints":{"allow":["GET"]}}],"collection":[{"href":"https:\/\/cepenha.com.br\/index.php\/wp-json\/wp\/v2\/pages"}],"about":[{"href":"https:\/\/cepenha.com.br\/index.php\/wp-json\/wp\/v2\/types\/page"}],"author":[{"embeddable":true,"href":"https:\/\/cepenha.com.br\/index.php\/wp-json\/wp\/v2\/users\/1"}],"replies":[{"embeddable":true,"href":"https:\/\/cepenha.com.br\/index.php\/wp-json\/wp\/v2\/comments?post=247"}],"version-history":[{"count":21,"href":"https:\/\/cepenha.com.br\/index.php\/wp-json\/wp\/v2\/pages\/247\/revisions"}],"predecessor-version":[{"id":4927,"href":"https:\/\/cepenha.com.br\/index.php\/wp-json\/wp\/v2\/pages\/247\/revisions\/4927"}],"wp:attachment":[{"href":"https:\/\/cepenha.com.br\/index.php\/wp-json\/wp\/v2\/media?parent=247"}],"curies":[{"name":"wp","href":"https:\/\/api.w.org\/{rel}","templated":true}]}}