{"id":2466,"date":"2018-02-01T11:34:11","date_gmt":"2018-02-01T11:34:11","guid":{"rendered":"http:\/\/cepenha.com.br\/?page_id=2466"},"modified":"2022-12-16T13:16:40","modified_gmt":"2022-12-16T13:16:40","slug":"esportes-de-praia","status":"publish","type":"page","link":"https:\/\/cepenha.com.br\/index.php\/esportes-de-praia\/","title":{"rendered":"Esportes de Praia"},"content":{"rendered":"<div class=\"three_fourth tt-column\"><\/div><p>&nbsp;<\/p>\n<div class=\"one_fourth_last tt-column\"><p><span style=\"font-size: x-large;\">Esportes de Praia<\/span><br \/>\nNossa Quadra de Esportes de Praia permite a realiza\u00e7\u00e3o de tr\u00eas atividades: Beach Tennis, Futev\u00f4lei e V\u00f4lei de Praia.<br \/>\nNo espa\u00e7o tamb\u00e9m existe um quiosque para a torcida e confraterniza\u00e7\u00f5es.<\/p>\n<\/div><br class=\"clear\" \/>","protected":false},"excerpt":{"rendered":"<p>&nbsp;<\/p>\n","protected":false},"author":1,"featured_media":0,"parent":0,"menu_order":0,"comment_status":"open","ping_status":"open","template":"template-full-width.php","meta":{"footnotes":""},"class_list":["post-2466","page","type-page","status-publish","hentry"],"_links":{"self":[{"href":"https:\/\/cepenha.com.br\/index.php\/wp-json\/wp\/v2\/pages\/2466","targetHints":{"allow":["GET"]}}],"collection":[{"href":"https:\/\/cepenha.com.br\/index.php\/wp-json\/wp\/v2\/pages"}],"about":[{"href":"https:\/\/cepenha.com.br\/index.php\/wp-json\/wp\/v2\/types\/page"}],"author":[{"embeddable":true,"href":"https:\/\/cepenha.com.br\/index.php\/wp-json\/wp\/v2\/users\/1"}],"replies":[{"embeddable":true,"href":"https:\/\/cepenha.com.br\/index.php\/wp-json\/wp\/v2\/comments?post=2466"}],"version-history":[{"count":4,"href":"https:\/\/cepenha.com.br\/index.php\/wp-json\/wp\/v2\/pages\/2466\/revisions"}],"predecessor-version":[{"id":4962,"href":"https:\/\/cepenha.com.br\/index.php\/wp-json\/wp\/v2\/pages\/2466\/revisions\/4962"}],"wp:attachment":[{"href":"https:\/\/cepenha.com.br\/index.php\/wp-json\/wp\/v2\/media?parent=2466"}],"curies":[{"name":"wp","href":"https:\/\/api.w.org\/{rel}","templated":true}]}}