{"id":236,"date":"2015-06-10T12:55:48","date_gmt":"2015-06-10T12:55:48","guid":{"rendered":"http:\/\/cepenha.net.br\/?page_id=236"},"modified":"2022-12-15T14:43:59","modified_gmt":"2022-12-15T14:43:59","slug":"futsal","status":"publish","type":"page","link":"https:\/\/cepenha.com.br\/index.php\/futsal\/","title":{"rendered":"Futsal"},"content":{"rendered":"<div class=\"three_fourth tt-column\"><\/div><p>&nbsp;<\/p>\n<div class=\"one_fourth_last tt-column\"><p><span style=\"font-size: x-large;\">Futsal<\/span><br \/>\nO Futsal foi desenvolvido no Brasil e Uruguai na mesma \u00e9poca, em 1934 no Uruguai e na d\u00e9cada de 1940 no Brasil. O esporte foi desenvolvido pela Associa\u00e7\u00e3o Crist\u00e3 de Mo\u00e7os de S\u00e3o Paulo, devido \u00e0 falta de campos de futebol dispon\u00edveis. \u00c9 o esporte com bola preferido pelos meninos, sendo respons\u00e1vel pela revela\u00e7\u00e3o de grandes talentos como o ex-jogador Casagrande que foi revelado nas equipes de base do CEP. O Clube oferece aos associados 4 quadras de futsal, sendo duas descobertas e duas cobertas.<\/p>\n<\/div><br class=\"clear\" \/><p>&nbsp;<\/p>\n<p><a href=\"http:\/\/cepenha.com.br\/wp-content\/uploads\/2022\/06\/Futsal_base-1.jpeg\"><img loading=\"lazy\" decoding=\"async\" class=\"alignnone size-large wp-image-4708\" src=\"http:\/\/cepenha.com.br\/wp-content\/uploads\/2022\/06\/Futsal_base-1-1024x1024.jpeg\" alt=\"Futsal_base\" width=\"960\" height=\"960\" srcset=\"https:\/\/cepenha.com.br\/wp-content\/uploads\/2022\/06\/Futsal_base-1-1024x1024.jpeg 1024w, https:\/\/cepenha.com.br\/wp-content\/uploads\/2022\/06\/Futsal_base-1-150x150.jpeg 150w, https:\/\/cepenha.com.br\/wp-content\/uploads\/2022\/06\/Futsal_base-1-300x300.jpeg 300w, https:\/\/cepenha.com.br\/wp-content\/uploads\/2022\/06\/Futsal_base-1-768x768.jpeg 768w, https:\/\/cepenha.com.br\/wp-content\/uploads\/2022\/06\/Futsal_base-1.jpeg 1200w\" sizes=\"auto, (max-width: 960px) 100vw, 960px\" \/><\/a><\/p>\n","protected":false},"excerpt":{"rendered":"<p>&nbsp;<br \/>\n&nbsp;<\/p>\n","protected":false},"author":1,"featured_media":0,"parent":0,"menu_order":0,"comment_status":"open","ping_status":"open","template":"template-full-width.php","meta":{"footnotes":""},"class_list":["post-236","page","type-page","status-publish","hentry"],"_links":{"self":[{"href":"https:\/\/cepenha.com.br\/index.php\/wp-json\/wp\/v2\/pages\/236","targetHints":{"allow":["GET"]}}],"collection":[{"href":"https:\/\/cepenha.com.br\/index.php\/wp-json\/wp\/v2\/pages"}],"about":[{"href":"https:\/\/cepenha.com.br\/index.php\/wp-json\/wp\/v2\/types\/page"}],"author":[{"embeddable":true,"href":"https:\/\/cepenha.com.br\/index.php\/wp-json\/wp\/v2\/users\/1"}],"replies":[{"embeddable":true,"href":"https:\/\/cepenha.com.br\/index.php\/wp-json\/wp\/v2\/comments?post=236"}],"version-history":[{"count":23,"href":"https:\/\/cepenha.com.br\/index.php\/wp-json\/wp\/v2\/pages\/236\/revisions"}],"predecessor-version":[{"id":4919,"href":"https:\/\/cepenha.com.br\/index.php\/wp-json\/wp\/v2\/pages\/236\/revisions\/4919"}],"wp:attachment":[{"href":"https:\/\/cepenha.com.br\/index.php\/wp-json\/wp\/v2\/media?parent=236"}],"curies":[{"name":"wp","href":"https:\/\/api.w.org\/{rel}","templated":true}]}}