{"id":2326,"date":"2017-12-15T17:15:55","date_gmt":"2017-12-15T17:15:55","guid":{"rendered":"http:\/\/cepenha.com.br\/?page_id=2326"},"modified":"2022-12-16T13:54:33","modified_gmt":"2022-12-16T13:54:33","slug":"recanto-da-bica","status":"publish","type":"page","link":"https:\/\/cepenha.com.br\/index.php\/recanto-da-bica\/","title":{"rendered":"Recanto da Bica"},"content":{"rendered":"<div class=\"three_fourth tt-column\"><\/div><div class=\"one_fourth_last tt-column\"><p><span style=\"font-size: x-large;\">Recanto da Bica<\/span><br \/>\nPreferida por grande parte dos associados para um banho geladinho ap\u00f3s a pr\u00e1tica de esportes, nossa Bica de \u00c1gua Natural recebeu uma repagina\u00e7\u00e3o do espa\u00e7o, com um lind\u00edssimo grafite e reforma de piso e revestimento. Convidamos voc\u00ea para visitar o local e refrescar-se neste ver\u00e3o de um modo diferente e descomplicado. \u00c9 s\u00f3 chegar, abrir a bica e se deliciar!<\/p>\n<\/div><br class=\"clear\" \/>","protected":false},"excerpt":{"rendered":"","protected":false},"author":1,"featured_media":0,"parent":0,"menu_order":0,"comment_status":"open","ping_status":"open","template":"","meta":{"footnotes":""},"class_list":["post-2326","page","type-page","status-publish","hentry"],"_links":{"self":[{"href":"https:\/\/cepenha.com.br\/index.php\/wp-json\/wp\/v2\/pages\/2326","targetHints":{"allow":["GET"]}}],"collection":[{"href":"https:\/\/cepenha.com.br\/index.php\/wp-json\/wp\/v2\/pages"}],"about":[{"href":"https:\/\/cepenha.com.br\/index.php\/wp-json\/wp\/v2\/types\/page"}],"author":[{"embeddable":true,"href":"https:\/\/cepenha.com.br\/index.php\/wp-json\/wp\/v2\/users\/1"}],"replies":[{"embeddable":true,"href":"https:\/\/cepenha.com.br\/index.php\/wp-json\/wp\/v2\/comments?post=2326"}],"version-history":[{"count":6,"href":"https:\/\/cepenha.com.br\/index.php\/wp-json\/wp\/v2\/pages\/2326\/revisions"}],"predecessor-version":[{"id":4994,"href":"https:\/\/cepenha.com.br\/index.php\/wp-json\/wp\/v2\/pages\/2326\/revisions\/4994"}],"wp:attachment":[{"href":"https:\/\/cepenha.com.br\/index.php\/wp-json\/wp\/v2\/media?parent=2326"}],"curies":[{"name":"wp","href":"https:\/\/api.w.org\/{rel}","templated":true}]}}