{"id":227,"date":"2015-06-10T12:52:41","date_gmt":"2015-06-10T12:52:41","guid":{"rendered":"http:\/\/cepenha.net.br\/?page_id=227"},"modified":"2022-12-16T12:02:32","modified_gmt":"2022-12-16T12:02:32","slug":"227-2","status":"publish","type":"page","link":"https:\/\/cepenha.com.br\/index.php\/227-2\/","title":{"rendered":"Basquete"},"content":{"rendered":"<div class=\"three_fourth tt-column\"><\/div><p>&nbsp;<\/p>\n<div class=\"one_fourth_last tt-column\"><p><span style=\"font-size: x-large\">Basquete<\/span><br \/>\nO basquetebol \u00e9 um jogo desportivo coletivo inventado em 1891 pelo professor de Educa\u00e7\u00e3o F\u00edsica canadense James Naismit. \u00c9 disputado por duas equipes de 10 jogadores (5 em campo e 5 suplentes) que t\u00eam como objetivo passar a bola por dentro de um cesto e evitar que a bola entre no seu cesto colocado nas extremidades da quadra, seja num gin\u00e1sio ou ao ar livre. No CEP oferecemos aos associados quatro quadras de basquete ( duas cobertas e duas descobertas ).<\/p>\n<\/div><br class=\"clear\" \/><p>&nbsp;<\/p>\n","protected":false},"excerpt":{"rendered":"<p>&nbsp;<br \/>\n&nbsp;<\/p>\n","protected":false},"author":1,"featured_media":0,"parent":0,"menu_order":0,"comment_status":"open","ping_status":"open","template":"template-full-width.php","meta":{"footnotes":""},"class_list":["post-227","page","type-page","status-publish","hentry"],"_links":{"self":[{"href":"https:\/\/cepenha.com.br\/index.php\/wp-json\/wp\/v2\/pages\/227","targetHints":{"allow":["GET"]}}],"collection":[{"href":"https:\/\/cepenha.com.br\/index.php\/wp-json\/wp\/v2\/pages"}],"about":[{"href":"https:\/\/cepenha.com.br\/index.php\/wp-json\/wp\/v2\/types\/page"}],"author":[{"embeddable":true,"href":"https:\/\/cepenha.com.br\/index.php\/wp-json\/wp\/v2\/users\/1"}],"replies":[{"embeddable":true,"href":"https:\/\/cepenha.com.br\/index.php\/wp-json\/wp\/v2\/comments?post=227"}],"version-history":[{"count":14,"href":"https:\/\/cepenha.com.br\/index.php\/wp-json\/wp\/v2\/pages\/227\/revisions"}],"predecessor-version":[{"id":4925,"href":"https:\/\/cepenha.com.br\/index.php\/wp-json\/wp\/v2\/pages\/227\/revisions\/4925"}],"wp:attachment":[{"href":"https:\/\/cepenha.com.br\/index.php\/wp-json\/wp\/v2\/media?parent=227"}],"curies":[{"name":"wp","href":"https:\/\/api.w.org\/{rel}","templated":true}]}}