{"id":2249,"date":"2017-09-27T18:54:09","date_gmt":"2017-09-27T18:54:09","guid":{"rendered":"http:\/\/cepenha.com.br\/?page_id=2249"},"modified":"2024-01-16T18:47:13","modified_gmt":"2024-01-16T18:47:13","slug":"espaco-sede-do-tenis","status":"publish","type":"page","link":"https:\/\/cepenha.com.br\/index.php\/espaco-sede-do-tenis\/","title":{"rendered":"Espa\u00e7o Sede do T\u00eanis"},"content":{"rendered":"<div class=\"three_fourth tt-column\"><\/div><div class=\"one_fourth_last tt-column\"><p><span style=\"font-size: x-large;\">Sede do T\u00eanis<\/span><br \/>\nA Sede do T\u00eanis possui vesti\u00e1rios, \u00e1rea administrativa e \u00e1rea de confraterniza\u00e7\u00e3o com churrasqueira. Fica junto ao principal bols\u00e3o de estacionamento e o lago.<\/p>\n<\/div><br class=\"clear\" \/><p><a href=\"http:\/\/cepenha.com.br\/wp-content\/uploads\/2024\/01\/sede-tenis-24-1.png\"><img loading=\"lazy\" decoding=\"async\" class=\"aligncenter wp-image-5644 size-full\" src=\"http:\/\/cepenha.com.br\/wp-content\/uploads\/2024\/01\/sede-tenis-24-1.png\" alt=\"\" width=\"965\" height=\"641\" srcset=\"https:\/\/cepenha.com.br\/wp-content\/uploads\/2024\/01\/sede-tenis-24-1.png 965w, https:\/\/cepenha.com.br\/wp-content\/uploads\/2024\/01\/sede-tenis-24-1-300x199.png 300w, https:\/\/cepenha.com.br\/wp-content\/uploads\/2024\/01\/sede-tenis-24-1-768x510.png 768w\" sizes=\"auto, (max-width: 965px) 100vw, 965px\" \/><\/a><\/p>\n","protected":false},"excerpt":{"rendered":"<p><\/p>\n","protected":false},"author":1,"featured_media":0,"parent":0,"menu_order":0,"comment_status":"open","ping_status":"open","template":"template-full-width.php","meta":{"footnotes":""},"class_list":["post-2249","page","type-page","status-publish","hentry"],"_links":{"self":[{"href":"https:\/\/cepenha.com.br\/index.php\/wp-json\/wp\/v2\/pages\/2249","targetHints":{"allow":["GET"]}}],"collection":[{"href":"https:\/\/cepenha.com.br\/index.php\/wp-json\/wp\/v2\/pages"}],"about":[{"href":"https:\/\/cepenha.com.br\/index.php\/wp-json\/wp\/v2\/types\/page"}],"author":[{"embeddable":true,"href":"https:\/\/cepenha.com.br\/index.php\/wp-json\/wp\/v2\/users\/1"}],"replies":[{"embeddable":true,"href":"https:\/\/cepenha.com.br\/index.php\/wp-json\/wp\/v2\/comments?post=2249"}],"version-history":[{"count":5,"href":"https:\/\/cepenha.com.br\/index.php\/wp-json\/wp\/v2\/pages\/2249\/revisions"}],"predecessor-version":[{"id":5645,"href":"https:\/\/cepenha.com.br\/index.php\/wp-json\/wp\/v2\/pages\/2249\/revisions\/5645"}],"wp:attachment":[{"href":"https:\/\/cepenha.com.br\/index.php\/wp-json\/wp\/v2\/media?parent=2249"}],"curies":[{"name":"wp","href":"https:\/\/api.w.org\/{rel}","templated":true}]}}