{"id":221,"date":"2015-06-10T12:43:45","date_gmt":"2015-06-10T12:43:45","guid":{"rendered":"http:\/\/cepenha.net.br\/?page_id=221"},"modified":"2022-12-16T11:59:36","modified_gmt":"2022-12-16T11:59:36","slug":"tenis-de-mesa","status":"publish","type":"page","link":"https:\/\/cepenha.com.br\/index.php\/tenis-de-mesa\/","title":{"rendered":"T\u00eanis de Mesa"},"content":{"rendered":"<div class=\"three_fourth tt-column\"><\/div><div class=\"one_fourth_last tt-column\"><p><span style=\"font-size: x-large;\">T\u00eanis de Mesa&nbsp;<\/span><br \/>\nO t\u00eanis de mesa foi inventado no Reino Unido, mais precisamente na Inglaterra no s\u00e9culo XIX onde era conhecido como ping-pong, at\u00e9 se tornar uma marca registrada . Por isso mudou-se o nome na Europa para t\u00eanis de mesa, \u00e9 um dos esportes mais populares do mundo em termos de n\u00famero de jogadores. O t\u00eanis de mesa \u00e9 conhecido como sendo o esporte com o tipo de bola mais r\u00e1pida do mundo, sendo o esporte de raquete que mais produz efeito (rota\u00e7\u00e3o) na bola. O CEP oferece 2 mesas aos associados e elas est\u00e3o localizadas no Espa\u00e7o Squash.<\/p>\n<\/div><br class=\"clear\" \/>","protected":false},"excerpt":{"rendered":"","protected":false},"author":1,"featured_media":0,"parent":0,"menu_order":0,"comment_status":"open","ping_status":"open","template":"template-full-width.php","meta":{"footnotes":""},"class_list":["post-221","page","type-page","status-publish","hentry"],"_links":{"self":[{"href":"https:\/\/cepenha.com.br\/index.php\/wp-json\/wp\/v2\/pages\/221","targetHints":{"allow":["GET"]}}],"collection":[{"href":"https:\/\/cepenha.com.br\/index.php\/wp-json\/wp\/v2\/pages"}],"about":[{"href":"https:\/\/cepenha.com.br\/index.php\/wp-json\/wp\/v2\/types\/page"}],"author":[{"embeddable":true,"href":"https:\/\/cepenha.com.br\/index.php\/wp-json\/wp\/v2\/users\/1"}],"replies":[{"embeddable":true,"href":"https:\/\/cepenha.com.br\/index.php\/wp-json\/wp\/v2\/comments?post=221"}],"version-history":[{"count":6,"href":"https:\/\/cepenha.com.br\/index.php\/wp-json\/wp\/v2\/pages\/221\/revisions"}],"predecessor-version":[{"id":4923,"href":"https:\/\/cepenha.com.br\/index.php\/wp-json\/wp\/v2\/pages\/221\/revisions\/4923"}],"wp:attachment":[{"href":"https:\/\/cepenha.com.br\/index.php\/wp-json\/wp\/v2\/media?parent=221"}],"curies":[{"name":"wp","href":"https:\/\/api.w.org\/{rel}","templated":true}]}}