{"id":218,"date":"2015-06-10T12:42:30","date_gmt":"2015-06-10T12:42:30","guid":{"rendered":"http:\/\/cepenha.net.br\/?page_id=218"},"modified":"2023-12-07T14:01:42","modified_gmt":"2023-12-07T14:01:42","slug":"tenis-2","status":"publish","type":"page","link":"https:\/\/cepenha.com.br\/index.php\/tenis-2\/","title":{"rendered":"T\u00eanis"},"content":{"rendered":"<div class=\"three_fourth tt-column\"><\/div><div class=\"one_fourth_last tt-column\"><p><span style=\"font-size: x-large;\">T\u00eanis\u00a0<\/span><br \/>\nNosso clube oferece aos associados 12 quadras de saibro, al\u00e9m de uma sede exclusiva para uso dos tenistas. Oferecemos tamb\u00e9m uma quadra poliesportiva para aulas infantis.<br \/>\nO T\u00eanis \u00e9 um esporte de origem inglesa, disputado em quadras de superf\u00edcies sint\u00e9ticas, cimento, saibro, ou relva. Participam no jogo dois oponentes ou duas duplas , podendo ser mistas ou n\u00e3o. A quadra \u00e9 dividida por uma rede, e o objetivo do jogo \u00e9 rebater uma pequena bola para al\u00e9m da rede com ajuda de uma raquete.<br \/>\nPara marcar um ponto \u00e9 preciso que a bola toque no solo em qualquer parte dentro da quadra advers\u00e1ria incluindo o alvado do oponente.<\/p>\n<\/div><br class=\"clear\" \/><p><a href=\"http:\/\/cepenha.com.br\/wp-content\/uploads\/2023\/12\/aulas-de-tenis.png\"><img loading=\"lazy\" decoding=\"async\" class=\"aligncenter wp-image-5545\" src=\"http:\/\/cepenha.com.br\/wp-content\/uploads\/2023\/12\/aulas-de-tenis-300x300.png\" alt=\"\" width=\"600\" height=\"600\" srcset=\"https:\/\/cepenha.com.br\/wp-content\/uploads\/2023\/12\/aulas-de-tenis-300x300.png 300w, https:\/\/cepenha.com.br\/wp-content\/uploads\/2023\/12\/aulas-de-tenis-1024x1024.png 1024w, https:\/\/cepenha.com.br\/wp-content\/uploads\/2023\/12\/aulas-de-tenis-150x150.png 150w, https:\/\/cepenha.com.br\/wp-content\/uploads\/2023\/12\/aulas-de-tenis-768x768.png 768w, https:\/\/cepenha.com.br\/wp-content\/uploads\/2023\/12\/aulas-de-tenis-1536x1536.png 1536w, https:\/\/cepenha.com.br\/wp-content\/uploads\/2023\/12\/aulas-de-tenis.png 2000w\" sizes=\"auto, (max-width: 600px) 100vw, 600px\" \/><\/a><\/p>\n","protected":false},"excerpt":{"rendered":"<p><\/p>\n","protected":false},"author":1,"featured_media":0,"parent":0,"menu_order":0,"comment_status":"open","ping_status":"open","template":"template-full-width.php","meta":{"footnotes":""},"class_list":["post-218","page","type-page","status-publish","hentry"],"_links":{"self":[{"href":"https:\/\/cepenha.com.br\/index.php\/wp-json\/wp\/v2\/pages\/218","targetHints":{"allow":["GET"]}}],"collection":[{"href":"https:\/\/cepenha.com.br\/index.php\/wp-json\/wp\/v2\/pages"}],"about":[{"href":"https:\/\/cepenha.com.br\/index.php\/wp-json\/wp\/v2\/types\/page"}],"author":[{"embeddable":true,"href":"https:\/\/cepenha.com.br\/index.php\/wp-json\/wp\/v2\/users\/1"}],"replies":[{"embeddable":true,"href":"https:\/\/cepenha.com.br\/index.php\/wp-json\/wp\/v2\/comments?post=218"}],"version-history":[{"count":4,"href":"https:\/\/cepenha.com.br\/index.php\/wp-json\/wp\/v2\/pages\/218\/revisions"}],"predecessor-version":[{"id":5546,"href":"https:\/\/cepenha.com.br\/index.php\/wp-json\/wp\/v2\/pages\/218\/revisions\/5546"}],"wp:attachment":[{"href":"https:\/\/cepenha.com.br\/index.php\/wp-json\/wp\/v2\/media?parent=218"}],"curies":[{"name":"wp","href":"https:\/\/api.w.org\/{rel}","templated":true}]}}