{"id":211,"date":"2015-06-10T12:39:25","date_gmt":"2015-06-10T12:39:25","guid":{"rendered":"http:\/\/cepenha.net.br\/?page_id=211"},"modified":"2022-12-15T14:46:19","modified_gmt":"2022-12-15T14:46:19","slug":"futebol-society","status":"publish","type":"page","link":"https:\/\/cepenha.com.br\/index.php\/futebol-society\/","title":{"rendered":"Futebol Society"},"content":{"rendered":"<div class=\"three_fourth tt-column\"><\/div><div class=\"one_fourth_last tt-column\"><p><span style=\"font-size: x-large\">Futebol Society&nbsp;<\/span><br \/>\nO campo de Futebol Society est\u00e1 equipado com grama sint\u00e9tica, sendo o preferido por equipes com menor n\u00famero de participantes devido ao seu tamanho reduzido.<\/p>\n<\/div><br class=\"clear\" \/>","protected":false},"excerpt":{"rendered":"","protected":false},"author":1,"featured_media":0,"parent":0,"menu_order":0,"comment_status":"open","ping_status":"open","template":"template-full-width.php","meta":{"footnotes":""},"class_list":["post-211","page","type-page","status-publish","hentry"],"_links":{"self":[{"href":"https:\/\/cepenha.com.br\/index.php\/wp-json\/wp\/v2\/pages\/211","targetHints":{"allow":["GET"]}}],"collection":[{"href":"https:\/\/cepenha.com.br\/index.php\/wp-json\/wp\/v2\/pages"}],"about":[{"href":"https:\/\/cepenha.com.br\/index.php\/wp-json\/wp\/v2\/types\/page"}],"author":[{"embeddable":true,"href":"https:\/\/cepenha.com.br\/index.php\/wp-json\/wp\/v2\/users\/1"}],"replies":[{"embeddable":true,"href":"https:\/\/cepenha.com.br\/index.php\/wp-json\/wp\/v2\/comments?post=211"}],"version-history":[{"count":10,"href":"https:\/\/cepenha.com.br\/index.php\/wp-json\/wp\/v2\/pages\/211\/revisions"}],"predecessor-version":[{"id":4920,"href":"https:\/\/cepenha.com.br\/index.php\/wp-json\/wp\/v2\/pages\/211\/revisions\/4920"}],"wp:attachment":[{"href":"https:\/\/cepenha.com.br\/index.php\/wp-json\/wp\/v2\/media?parent=211"}],"curies":[{"name":"wp","href":"https:\/\/api.w.org\/{rel}","templated":true}]}}