{"id":2062,"date":"2017-03-14T18:47:02","date_gmt":"2017-03-14T18:47:02","guid":{"rendered":"http:\/\/cepenha.com.br\/?page_id=2062"},"modified":"2025-04-07T17:13:47","modified_gmt":"2025-04-07T17:13:47","slug":"locacao-de-espacos-tabela","status":"publish","type":"page","link":"https:\/\/cepenha.com.br\/index.php\/locacao-de-espacos-tabela\/","title":{"rendered":"Loca\u00e7\u00e3o de Espa\u00e7os &#8211; Tabela"},"content":{"rendered":"<div class=\"wp-block-image\">\n<figure class=\"aligncenter size-large\"><img loading=\"lazy\" decoding=\"async\" width=\"1022\" height=\"1024\" src=\"http:\/\/cepenha.com.br\/wp-content\/uploads\/2025\/04\/02f8243a-796a-4713-8a78-f2678f135d17-1022x1024.jpg\" alt=\"\" class=\"wp-image-6511\" srcset=\"https:\/\/cepenha.com.br\/wp-content\/uploads\/2025\/04\/02f8243a-796a-4713-8a78-f2678f135d17-1022x1024.jpg 1022w, https:\/\/cepenha.com.br\/wp-content\/uploads\/2025\/04\/02f8243a-796a-4713-8a78-f2678f135d17-300x300.jpg 300w, https:\/\/cepenha.com.br\/wp-content\/uploads\/2025\/04\/02f8243a-796a-4713-8a78-f2678f135d17-150x150.jpg 150w, https:\/\/cepenha.com.br\/wp-content\/uploads\/2025\/04\/02f8243a-796a-4713-8a78-f2678f135d17-768x769.jpg 768w, https:\/\/cepenha.com.br\/wp-content\/uploads\/2025\/04\/02f8243a-796a-4713-8a78-f2678f135d17-1533x1536.jpg 1533w, https:\/\/cepenha.com.br\/wp-content\/uploads\/2025\/04\/02f8243a-796a-4713-8a78-f2678f135d17.jpg 1597w\" sizes=\"auto, (max-width: 1022px) 100vw, 1022px\" \/><\/figure>\n<\/div><\/p>\n","protected":false},"excerpt":{"rendered":"<p><\/p>\n","protected":false},"author":1,"featured_media":0,"parent":0,"menu_order":0,"comment_status":"open","ping_status":"open","template":"template-full-width.php","meta":{"footnotes":""},"class_list":["post-2062","page","type-page","status-publish","hentry"],"_links":{"self":[{"href":"https:\/\/cepenha.com.br\/index.php\/wp-json\/wp\/v2\/pages\/2062","targetHints":{"allow":["GET"]}}],"collection":[{"href":"https:\/\/cepenha.com.br\/index.php\/wp-json\/wp\/v2\/pages"}],"about":[{"href":"https:\/\/cepenha.com.br\/index.php\/wp-json\/wp\/v2\/types\/page"}],"author":[{"embeddable":true,"href":"https:\/\/cepenha.com.br\/index.php\/wp-json\/wp\/v2\/users\/1"}],"replies":[{"embeddable":true,"href":"https:\/\/cepenha.com.br\/index.php\/wp-json\/wp\/v2\/comments?post=2062"}],"version-history":[{"count":6,"href":"https:\/\/cepenha.com.br\/index.php\/wp-json\/wp\/v2\/pages\/2062\/revisions"}],"predecessor-version":[{"id":6512,"href":"https:\/\/cepenha.com.br\/index.php\/wp-json\/wp\/v2\/pages\/2062\/revisions\/6512"}],"wp:attachment":[{"href":"https:\/\/cepenha.com.br\/index.php\/wp-json\/wp\/v2\/media?parent=2062"}],"curies":[{"name":"wp","href":"https:\/\/api.w.org\/{rel}","templated":true}]}}