{"id":205,"date":"2015-06-10T12:37:44","date_gmt":"2015-06-10T12:37:44","guid":{"rendered":"http:\/\/cepenha.net.br\/?page_id=205"},"modified":"2022-12-15T14:35:08","modified_gmt":"2022-12-15T14:35:08","slug":"futebol-associativo","status":"publish","type":"page","link":"https:\/\/cepenha.com.br\/index.php\/futebol-associativo\/","title":{"rendered":"Futebol Associativo"},"content":{"rendered":"<div class=\"three_fourth tt-column\"><\/div><div class=\"one_fourth_last tt-column\"><p><span style=\"font-size: x-large;\">Futebol Associativo&nbsp;<\/span><br \/>\nExistem equipes de Futebol Associativo (Rachas) que treinam em dias e hor\u00e1rios variados e normalmente realizam almo\u00e7o, jantares e churrascos de confraterniza\u00e7\u00e3o ap\u00f3s os jogos.<\/p>\n<\/div><br class=\"clear\" \/><p>&nbsp;<\/p>\n","protected":false},"excerpt":{"rendered":"<p>&nbsp;<\/p>\n","protected":false},"author":1,"featured_media":0,"parent":0,"menu_order":0,"comment_status":"open","ping_status":"open","template":"template-full-width.php","meta":{"footnotes":""},"class_list":["post-205","page","type-page","status-publish","hentry"],"_links":{"self":[{"href":"https:\/\/cepenha.com.br\/index.php\/wp-json\/wp\/v2\/pages\/205","targetHints":{"allow":["GET"]}}],"collection":[{"href":"https:\/\/cepenha.com.br\/index.php\/wp-json\/wp\/v2\/pages"}],"about":[{"href":"https:\/\/cepenha.com.br\/index.php\/wp-json\/wp\/v2\/types\/page"}],"author":[{"embeddable":true,"href":"https:\/\/cepenha.com.br\/index.php\/wp-json\/wp\/v2\/users\/1"}],"replies":[{"embeddable":true,"href":"https:\/\/cepenha.com.br\/index.php\/wp-json\/wp\/v2\/comments?post=205"}],"version-history":[{"count":12,"href":"https:\/\/cepenha.com.br\/index.php\/wp-json\/wp\/v2\/pages\/205\/revisions"}],"predecessor-version":[{"id":4917,"href":"https:\/\/cepenha.com.br\/index.php\/wp-json\/wp\/v2\/pages\/205\/revisions\/4917"}],"wp:attachment":[{"href":"https:\/\/cepenha.com.br\/index.php\/wp-json\/wp\/v2\/media?parent=205"}],"curies":[{"name":"wp","href":"https:\/\/api.w.org\/{rel}","templated":true}]}}