{"id":202,"date":"2015-06-10T12:36:49","date_gmt":"2015-06-10T12:36:49","guid":{"rendered":"http:\/\/cepenha.net.br\/?page_id=202"},"modified":"2022-12-15T14:26:44","modified_gmt":"2022-12-15T14:26:44","slug":"futebol-amador","status":"publish","type":"page","link":"https:\/\/cepenha.com.br\/index.php\/futebol-amador\/","title":{"rendered":"Futebol Amador"},"content":{"rendered":"<div class=\"three_fourth tt-column\"><\/div><div class=\"one_fourth_last tt-column\"><p><span style=\"font-size: x-large;\">Futebol Amador&nbsp;<\/span><br \/>\nAs equipes de Futebol Amador disputam diversos campeonatos interclubes e s\u00e3o constituidas de jogadores de diversas faixas et\u00e1rias, a maioria da categoria senior. As equipes do CEP j\u00e1 conquistaram diversos t\u00edtulos importantes na categoria.<\/p>\n<\/div><br class=\"clear\" \/><p>&nbsp;<\/p>\n<p>&nbsp;<\/p>\n","protected":false},"excerpt":{"rendered":"<p>&nbsp;<br \/>\n&nbsp;<\/p>\n","protected":false},"author":1,"featured_media":0,"parent":0,"menu_order":0,"comment_status":"open","ping_status":"open","template":"template-full-width.php","meta":{"footnotes":""},"class_list":["post-202","page","type-page","status-publish","hentry"],"_links":{"self":[{"href":"https:\/\/cepenha.com.br\/index.php\/wp-json\/wp\/v2\/pages\/202","targetHints":{"allow":["GET"]}}],"collection":[{"href":"https:\/\/cepenha.com.br\/index.php\/wp-json\/wp\/v2\/pages"}],"about":[{"href":"https:\/\/cepenha.com.br\/index.php\/wp-json\/wp\/v2\/types\/page"}],"author":[{"embeddable":true,"href":"https:\/\/cepenha.com.br\/index.php\/wp-json\/wp\/v2\/users\/1"}],"replies":[{"embeddable":true,"href":"https:\/\/cepenha.com.br\/index.php\/wp-json\/wp\/v2\/comments?post=202"}],"version-history":[{"count":16,"href":"https:\/\/cepenha.com.br\/index.php\/wp-json\/wp\/v2\/pages\/202\/revisions"}],"predecessor-version":[{"id":4915,"href":"https:\/\/cepenha.com.br\/index.php\/wp-json\/wp\/v2\/pages\/202\/revisions\/4915"}],"wp:attachment":[{"href":"https:\/\/cepenha.com.br\/index.php\/wp-json\/wp\/v2\/media?parent=202"}],"curies":[{"name":"wp","href":"https:\/\/api.w.org\/{rel}","templated":true}]}}