{"id":188,"date":"2015-06-10T12:30:06","date_gmt":"2015-06-10T12:30:06","guid":{"rendered":"http:\/\/cepenha.net.br\/?page_id=188"},"modified":"2023-06-26T16:24:15","modified_gmt":"2023-06-26T16:24:15","slug":"infraestrutura-esportiva","status":"publish","type":"page","link":"https:\/\/cepenha.com.br\/index.php\/infraestrutura-esportiva\/","title":{"rendered":"Infraestrutura Esportiva"},"content":{"rendered":"<div class=\"one_third tt-column\"><h3><span style=\"color: #999999;\">Lago para Pesca Esportiva<\/span><\/h3>\n<p><a href=\"http:\/\/cepenha.com.br\/index.php\/pesca-esportiva\/\"><\/p>\n<div class=\"modern_img_frame modern_three_col_large\"><div class=\"img-preload\"><img src='https:\/\/cepenha.com.br\/wp-content\/themes\/Karma\/framework\/extended\/timthumb\/timthumb.php?src=\/imagens\/lago.jpg&amp;h=145&amp;w=275' alt='Empresa' class=\"attachment-fadeIn\" \/><\/div><\/div><p><\/a><br \/>\nPesca desportiva \u00e9 a pesca que se pratica enquanto atividade de lazer, sem que dela dependa a subsist\u00eancia do pescador.<\/p>\n<\/div><div class=\"one_third tt-column\"><h3><span style=\"color: #999999;\">Piscina Aquecida<\/span><\/h3>\n<p><a href=\"http:\/\/cepenha.com.br\/index.php\/piscina-aquecida\/\"><\/p>\n<div class=\"modern_img_frame modern_three_col_large\"><div class=\"img-preload\"><img src='https:\/\/cepenha.com.br\/wp-content\/themes\/Karma\/framework\/extended\/timthumb\/timthumb.php?src=\/imagens\/piscina_aquecida.jpg&amp;h=145&amp;w=275' alt='Servi\u00e7os' class=\"attachment-fadeIn\" \/><\/div><\/div><p> <\/a><br \/>\nO Parque aqu\u00e1tico do CEP oferece diversas op\u00e7\u00f5es de piscina para nata\u00e7\u00e3o. A Piscina Aquecida \u00e9 uma das mais usadas no Clube.<\/p>\n<\/div><div class=\"one_third_last tt-column\"><h3><span style=\"color: #999999;\">Tambor\u00e9u<\/span><\/h3>\n<p><a href=\"http:\/\/cepenha.com.br\/index.php\/tamboreu\/\"><\/p>\n<div class=\"modern_img_frame modern_three_col_large tt-img-Unidades\"><div class=\"img-preload\"><img src='https:\/\/cepenha.com.br\/wp-content\/themes\/Karma\/framework\/extended\/timthumb\/timthumb.php?src=\/imagens\/tamboreu2.jpg&amp;h=145&amp;w=275' alt='' class=\"attachment-fadeIn\" \/><\/div><\/div><p> <\/a><br \/>\nNosso Clube oferece aos associados tr\u00eas magnificas quadras cercadas de \u00e1rea verde.<\/p>\n<\/div><br class=\"clear\" \/><div class=\"one_third tt-column\"><h3><span style=\"color: #999999;\">Parque Aqu\u00e1tico<\/span><\/h3>\n<p><a href=\"http:\/\/cepenha.com.br\/index.php\/parque-aquatico\/\"><\/p>\n<div class=\"modern_img_frame modern_three_col_large\"><div class=\"img-preload\"><img src='https:\/\/cepenha.com.br\/wp-content\/themes\/Karma\/framework\/extended\/timthumb\/timthumb.php?src=\/imagens\/natacao.jpg&amp;h=145&amp;w=275' alt='' class=\"attachment-fadeIn\" \/><\/div><\/div><p> <\/a><br \/>\nNosso Parque Aqu\u00e1tico possui cinco piscinas, tobo\u00e1guas, cascatas, escorregadores e uma competente equipe de salva-vidas para garantir a seguran\u00e7a de nossos associados.<\/p>\n<\/div><div class=\"one_third tt-column\"><h3><span style=\"color: #999999;\">Futebol<\/span><\/h3>\n<p><a href=\"http:\/\/cepenha.com.br\/index.php\/futebol-amador\/\"><\/p>\n<div class=\"modern_img_frame modern_three_col_large\"><div class=\"img-preload\"><img src='https:\/\/cepenha.com.br\/wp-content\/themes\/Karma\/framework\/extended\/timthumb\/timthumb.php?src=\/imagens\/futebolamador.jpg&amp;h=145&amp;w=275' alt='' class=\"attachment-fadeIn\" \/><\/div><\/div><p> <\/a><br \/>\nNo CEP, temos variados tipos de futebol, Amador, Associativo , infantil e juvenil e Society , essas equipes j\u00e1 conquistaram diversos t\u00edtulos importantes.<\/p>\n<\/div><div class=\"one_third_last tt-column\"><h3><span style=\"color: #999999;\">Squash<\/span><\/h3>\n<p><a href=\"http:\/\/cepenha.com.br\/index.php\/squash\/\"><\/p>\n<div class=\"modern_img_frame modern_three_col_large\"><div class=\"img-preload\"><img src='https:\/\/cepenha.com.br\/wp-content\/themes\/Karma\/framework\/extended\/timthumb\/timthumb.php?src=\/imagens\/squash2.jpg&amp;h=145&amp;w=275' alt='' class=\"attachment-fadeIn\" \/><\/div><\/div><p> <\/a><br \/>\nNo nosso Clube temos uma quadra oficial de Squash para os associados.<\/p>\n<\/div><br class=\"clear\" \/><div class=\"one_third tt-column\"><h3><span style=\"color: #999999;\">T\u00eanis<\/span><\/h3>\n<p><a href=\"http:\/\/cepenha.com.br\/index.php\/tenis-2\/\"><\/p>\n<div class=\"modern_img_frame modern_three_col_large\"><div class=\"img-preload\"><img src='https:\/\/cepenha.com.br\/wp-content\/themes\/Karma\/framework\/extended\/timthumb\/timthumb.php?src=\/imagens\/tenis2.jpg&amp;h=145&amp;w=275' alt='' class=\"attachment-fadeIn\" \/><\/div><\/div><p> <\/a><br \/>\nNo CEP oferecemos 12 quadras de Saibro e uma quadra poliesportiva para escolinha,\u00a0 al\u00e9m de uma sede maravilhosa para uso exclusivo dos tenistas.<\/p>\n<\/div><div class=\"one_third tt-column\"><h3><span style=\"color: #999999;\">Jud\u00f4<\/span><\/h3>\n<p><a href=\"http:\/\/cepenha.com.br\/index.php\/judo\/\"><\/p>\n<div class=\"modern_img_frame modern_three_col_large\"><div class=\"img-preload\"><img src='https:\/\/cepenha.com.br\/wp-content\/themes\/Karma\/framework\/extended\/timthumb\/timthumb.php?src=\/imagens\/judo.jpg&amp;h=145&amp;w=275' alt='' class=\"attachment-fadeIn\" \/><\/div><\/div><p> <\/a><br \/>\nNo nosso Clube, temos um dojo para praticar as artes marciais e as lutas sendo uma delas o Jud\u00f4.<\/p>\n<\/div><div class=\"one_third_last tt-column\"><h3><\/h3>\n<p><a href=\"http:\/\/cepenha.com.br\/index.php\/handebol\/\"><br \/>\n<\/a><\/p>\n<\/div><br class=\"clear\" \/><div class=\"one_third tt-column\"><h3><\/h3>\n<p><a href=\"http:\/\/cepenha.com.br\/index.php\/bochas\/\"><br \/>\n<\/a><\/p>\n<\/div><div class=\"one_third tt-column\"><h3><\/h3>\n<p><a href=\"http:\/\/cepenha.com.br\/index.php\/capoeira\/\"><br \/>\n<\/a><br \/>\n\/one_third]<\/p>\n<div class=\"one_third_last tt-column\"><\/div><br class=\"clear\" \/><div class=\"one_third tt-column\"><\/div><h3><\/h3>\n<p><a href=\"http:\/\/cepenha.com.br\/index.php\/skate\/\"><br \/>\n<\/a><\/p>\n<\/div>","protected":false},"excerpt":{"rendered":"","protected":false},"author":1,"featured_media":0,"parent":0,"menu_order":0,"comment_status":"open","ping_status":"open","template":"template-full-width.php","meta":{"footnotes":""},"class_list":["post-188","page","type-page","status-publish","hentry"],"_links":{"self":[{"href":"https:\/\/cepenha.com.br\/index.php\/wp-json\/wp\/v2\/pages\/188","targetHints":{"allow":["GET"]}}],"collection":[{"href":"https:\/\/cepenha.com.br\/index.php\/wp-json\/wp\/v2\/pages"}],"about":[{"href":"https:\/\/cepenha.com.br\/index.php\/wp-json\/wp\/v2\/types\/page"}],"author":[{"embeddable":true,"href":"https:\/\/cepenha.com.br\/index.php\/wp-json\/wp\/v2\/users\/1"}],"replies":[{"embeddable":true,"href":"https:\/\/cepenha.com.br\/index.php\/wp-json\/wp\/v2\/comments?post=188"}],"version-history":[{"count":5,"href":"https:\/\/cepenha.com.br\/index.php\/wp-json\/wp\/v2\/pages\/188\/revisions"}],"predecessor-version":[{"id":5318,"href":"https:\/\/cepenha.com.br\/index.php\/wp-json\/wp\/v2\/pages\/188\/revisions\/5318"}],"wp:attachment":[{"href":"https:\/\/cepenha.com.br\/index.php\/wp-json\/wp\/v2\/media?parent=188"}],"curies":[{"name":"wp","href":"https:\/\/api.w.org\/{rel}","templated":true}]}}