{"id":1850,"date":"2016-08-31T19:22:07","date_gmt":"2016-08-31T19:22:07","guid":{"rendered":"http:\/\/cepenha.com.br\/?page_id=1850"},"modified":"2022-12-16T13:39:12","modified_gmt":"2022-12-16T13:39:12","slug":"mini-ginasio-2","status":"publish","type":"page","link":"https:\/\/cepenha.com.br\/index.php\/mini-ginasio-2\/","title":{"rendered":"Mini Gin\u00e1sio"},"content":{"rendered":"<div class=\"three_fourth tt-column\"><\/div><p>&nbsp;<\/p>\n<div class=\"one_fourth_last tt-column\"><p><span style=\"font-size: x-large;\">Mini Gin\u00e1sio<\/span><br \/>\nO Mini Gin\u00e1sio fica junto ao est\u00e1dio principal e abriga competi\u00e7\u00f5es esportivas de menor porte.<\/p>\n<\/div><br class=\"clear\" \/>","protected":false},"excerpt":{"rendered":"<p>&nbsp;<\/p>\n","protected":false},"author":1,"featured_media":0,"parent":0,"menu_order":0,"comment_status":"open","ping_status":"open","template":"template-full-width.php","meta":{"footnotes":""},"class_list":["post-1850","page","type-page","status-publish","hentry"],"_links":{"self":[{"href":"https:\/\/cepenha.com.br\/index.php\/wp-json\/wp\/v2\/pages\/1850","targetHints":{"allow":["GET"]}}],"collection":[{"href":"https:\/\/cepenha.com.br\/index.php\/wp-json\/wp\/v2\/pages"}],"about":[{"href":"https:\/\/cepenha.com.br\/index.php\/wp-json\/wp\/v2\/types\/page"}],"author":[{"embeddable":true,"href":"https:\/\/cepenha.com.br\/index.php\/wp-json\/wp\/v2\/users\/1"}],"replies":[{"embeddable":true,"href":"https:\/\/cepenha.com.br\/index.php\/wp-json\/wp\/v2\/comments?post=1850"}],"version-history":[{"count":2,"href":"https:\/\/cepenha.com.br\/index.php\/wp-json\/wp\/v2\/pages\/1850\/revisions"}],"predecessor-version":[{"id":4981,"href":"https:\/\/cepenha.com.br\/index.php\/wp-json\/wp\/v2\/pages\/1850\/revisions\/4981"}],"wp:attachment":[{"href":"https:\/\/cepenha.com.br\/index.php\/wp-json\/wp\/v2\/media?parent=1850"}],"curies":[{"name":"wp","href":"https:\/\/api.w.org\/{rel}","templated":true}]}}