{"id":1845,"date":"2016-08-31T19:10:39","date_gmt":"2016-08-31T19:10:39","guid":{"rendered":"http:\/\/cepenha.com.br\/?page_id=1845"},"modified":"2022-12-16T13:36:20","modified_gmt":"2022-12-16T13:36:20","slug":"campo-dos-fundos","status":"publish","type":"page","link":"https:\/\/cepenha.com.br\/index.php\/campo-dos-fundos\/","title":{"rendered":"Campo dos Fundos"},"content":{"rendered":"<div class=\"three_fourth tt-column\"><\/div><p>&nbsp;<\/p>\n<div class=\"one_fourth_last tt-column\"><p><span style=\"font-size: x-large;\">Campo dos Fundos<\/span><br \/>\nCampo dos fundos possu\u00ed dimens\u00f5es oficiais, e gramado com grama natural, em \u00e1rea cercada por vegeta\u00e7\u00e3o exuberante.<\/p>\n<\/div><br class=\"clear\" \/>","protected":false},"excerpt":{"rendered":"<p>&nbsp;<\/p>\n","protected":false},"author":1,"featured_media":0,"parent":0,"menu_order":0,"comment_status":"open","ping_status":"open","template":"","meta":{"footnotes":""},"class_list":["post-1845","page","type-page","status-publish","hentry"],"_links":{"self":[{"href":"https:\/\/cepenha.com.br\/index.php\/wp-json\/wp\/v2\/pages\/1845","targetHints":{"allow":["GET"]}}],"collection":[{"href":"https:\/\/cepenha.com.br\/index.php\/wp-json\/wp\/v2\/pages"}],"about":[{"href":"https:\/\/cepenha.com.br\/index.php\/wp-json\/wp\/v2\/types\/page"}],"author":[{"embeddable":true,"href":"https:\/\/cepenha.com.br\/index.php\/wp-json\/wp\/v2\/users\/1"}],"replies":[{"embeddable":true,"href":"https:\/\/cepenha.com.br\/index.php\/wp-json\/wp\/v2\/comments?post=1845"}],"version-history":[{"count":2,"href":"https:\/\/cepenha.com.br\/index.php\/wp-json\/wp\/v2\/pages\/1845\/revisions"}],"predecessor-version":[{"id":4979,"href":"https:\/\/cepenha.com.br\/index.php\/wp-json\/wp\/v2\/pages\/1845\/revisions\/4979"}],"wp:attachment":[{"href":"https:\/\/cepenha.com.br\/index.php\/wp-json\/wp\/v2\/media?parent=1845"}],"curies":[{"name":"wp","href":"https:\/\/api.w.org\/{rel}","templated":true}]}}