{"id":1829,"date":"2016-08-31T18:36:25","date_gmt":"2016-08-31T18:36:25","guid":{"rendered":"http:\/\/cepenha.com.br\/?page_id=1829"},"modified":"2022-12-16T13:28:03","modified_gmt":"2022-12-16T13:28:03","slug":"estadio-principal","status":"publish","type":"page","link":"https:\/\/cepenha.com.br\/index.php\/estadio-principal\/","title":{"rendered":"Est\u00e1dio Principal"},"content":{"rendered":"<div class=\"three_fourth tt-column\"><\/div><p>&nbsp;<\/p>\n<div class=\"one_fourth_last tt-column\"><p><span style=\"font-size: x-large;\">Est\u00e1dio Principal<\/span><br \/>\nUm dos melhores estadios da zona leste, n\u00e3o s\u00f3 pelas suas dimens\u00f5es oficiais mas tamb\u00e9m pelo piso de grama sint\u00e9tica, o est\u00e1dio principal possu\u00ed arquibancadas e o campo abriga ainda uma pista oficial de atletismo.<\/p>\n<\/div><br class=\"clear\" \/>","protected":false},"excerpt":{"rendered":"<p>&nbsp;<\/p>\n","protected":false},"author":1,"featured_media":0,"parent":0,"menu_order":0,"comment_status":"open","ping_status":"open","template":"template-full-width.php","meta":{"footnotes":""},"class_list":["post-1829","page","type-page","status-publish","hentry"],"_links":{"self":[{"href":"https:\/\/cepenha.com.br\/index.php\/wp-json\/wp\/v2\/pages\/1829","targetHints":{"allow":["GET"]}}],"collection":[{"href":"https:\/\/cepenha.com.br\/index.php\/wp-json\/wp\/v2\/pages"}],"about":[{"href":"https:\/\/cepenha.com.br\/index.php\/wp-json\/wp\/v2\/types\/page"}],"author":[{"embeddable":true,"href":"https:\/\/cepenha.com.br\/index.php\/wp-json\/wp\/v2\/users\/1"}],"replies":[{"embeddable":true,"href":"https:\/\/cepenha.com.br\/index.php\/wp-json\/wp\/v2\/comments?post=1829"}],"version-history":[{"count":2,"href":"https:\/\/cepenha.com.br\/index.php\/wp-json\/wp\/v2\/pages\/1829\/revisions"}],"predecessor-version":[{"id":4974,"href":"https:\/\/cepenha.com.br\/index.php\/wp-json\/wp\/v2\/pages\/1829\/revisions\/4974"}],"wp:attachment":[{"href":"https:\/\/cepenha.com.br\/index.php\/wp-json\/wp\/v2\/media?parent=1829"}],"curies":[{"name":"wp","href":"https:\/\/api.w.org\/{rel}","templated":true}]}}