{"id":1718,"date":"2016-06-07T12:29:16","date_gmt":"2016-06-07T12:29:16","guid":{"rendered":"http:\/\/cepenha.com.br\/?page_id=1718"},"modified":"2022-12-16T14:08:45","modified_gmt":"2022-12-16T14:08:45","slug":"sala-de-carteado","status":"publish","type":"page","link":"https:\/\/cepenha.com.br\/index.php\/sala-de-carteado\/","title":{"rendered":"Sala de Carteado"},"content":{"rendered":"<div class=\"three_fourth tt-column\"><\/div><p>&nbsp;<\/p>\n<div class=\"one_fourth_last tt-column\"><p><span style=\"font-size: x-large;\">Sala de Carteado<\/span><br \/>\nOs jogos de carta estimulam a atividade mental, sendo indicados para pessoas de qualquer idade. Neste ambiente s\u00e3o constru\u00eddas s\u00f3lidas amizades atrav\u00e9s da pr\u00e1tica de diversas modalidades como Tranca, Truco, Pif-Paf, Sueca e outros jogos de carta. A Sala de Carteado fica no Espa\u00e7o Squash e a perman\u00eancia \u00e9 proibida para menores de 18 anos.<\/p>\n<\/div><br class=\"clear\" \/>","protected":false},"excerpt":{"rendered":"<p>&nbsp;<\/p>\n","protected":false},"author":1,"featured_media":0,"parent":0,"menu_order":0,"comment_status":"open","ping_status":"open","template":"template-full-width.php","meta":{"footnotes":""},"class_list":["post-1718","page","type-page","status-publish","hentry"],"_links":{"self":[{"href":"https:\/\/cepenha.com.br\/index.php\/wp-json\/wp\/v2\/pages\/1718","targetHints":{"allow":["GET"]}}],"collection":[{"href":"https:\/\/cepenha.com.br\/index.php\/wp-json\/wp\/v2\/pages"}],"about":[{"href":"https:\/\/cepenha.com.br\/index.php\/wp-json\/wp\/v2\/types\/page"}],"author":[{"embeddable":true,"href":"https:\/\/cepenha.com.br\/index.php\/wp-json\/wp\/v2\/users\/1"}],"replies":[{"embeddable":true,"href":"https:\/\/cepenha.com.br\/index.php\/wp-json\/wp\/v2\/comments?post=1718"}],"version-history":[{"count":5,"href":"https:\/\/cepenha.com.br\/index.php\/wp-json\/wp\/v2\/pages\/1718\/revisions"}],"predecessor-version":[{"id":5010,"href":"https:\/\/cepenha.com.br\/index.php\/wp-json\/wp\/v2\/pages\/1718\/revisions\/5010"}],"wp:attachment":[{"href":"https:\/\/cepenha.com.br\/index.php\/wp-json\/wp\/v2\/media?parent=1718"}],"curies":[{"name":"wp","href":"https:\/\/api.w.org\/{rel}","templated":true}]}}