{"id":1714,"date":"2016-06-07T12:24:29","date_gmt":"2016-06-07T12:24:29","guid":{"rendered":"http:\/\/cepenha.com.br\/?page_id=1714"},"modified":"2022-12-16T12:33:04","modified_gmt":"2022-12-16T12:33:04","slug":"salao-de-jogos","status":"publish","type":"page","link":"https:\/\/cepenha.com.br\/index.php\/salao-de-jogos\/","title":{"rendered":"Sinuca"},"content":{"rendered":"<div class=\"three_fourth tt-column\"><\/div><p>&nbsp;<\/p>\n<div class=\"one_fourth_last tt-column\"><p><span style=\"font-size: x-large\">Sinuca<\/span><br \/>\n\u201cUm jogador anda 1,5 km em uma hora, ao redor da mesa, flexiona, alonga\u2026 \u00c9 preciso esfor\u00e7o do f\u00edsico e da mente para jogar\u201d.<\/p>\n<p>O departamento de Snooker  do CEP conta com duas  mesas profissionais, nas medidas 2,84m X 1,42m  estando totalmente equipado para a pr\u00e1tica dos jogos entre os s\u00f3cios.<br \/>\nFunciona de Ter\u00e7a a domingo e para jogar o associado deve procurar o funcion\u00e1rio que cuida do local, se identificar e retirar as bolas no arm\u00e1rio. O local possui tacos para uso coletivo.<br \/>\nAo terminar de jogar, fazer  o processo inverso, isto \u00e9, cubra a mesa que usou, guarde as bolas no arm\u00e1rio e coloque os tacos onde pegou.<br \/>\nAs ter\u00e7as, quintas e sextas a partir das 19:00h ocorrem as partidas entre nossos atletas principais.<br \/>\nVenha fazer parte desse time.<\/p>\n<\/div><br class=\"clear\" \/>","protected":false},"excerpt":{"rendered":"<p>&nbsp;<\/p>\n","protected":false},"author":1,"featured_media":0,"parent":0,"menu_order":0,"comment_status":"open","ping_status":"open","template":"template-full-width.php","meta":{"footnotes":""},"class_list":["post-1714","page","type-page","status-publish","hentry"],"_links":{"self":[{"href":"https:\/\/cepenha.com.br\/index.php\/wp-json\/wp\/v2\/pages\/1714","targetHints":{"allow":["GET"]}}],"collection":[{"href":"https:\/\/cepenha.com.br\/index.php\/wp-json\/wp\/v2\/pages"}],"about":[{"href":"https:\/\/cepenha.com.br\/index.php\/wp-json\/wp\/v2\/types\/page"}],"author":[{"embeddable":true,"href":"https:\/\/cepenha.com.br\/index.php\/wp-json\/wp\/v2\/users\/1"}],"replies":[{"embeddable":true,"href":"https:\/\/cepenha.com.br\/index.php\/wp-json\/wp\/v2\/comments?post=1714"}],"version-history":[{"count":13,"href":"https:\/\/cepenha.com.br\/index.php\/wp-json\/wp\/v2\/pages\/1714\/revisions"}],"predecessor-version":[{"id":4939,"href":"https:\/\/cepenha.com.br\/index.php\/wp-json\/wp\/v2\/pages\/1714\/revisions\/4939"}],"wp:attachment":[{"href":"https:\/\/cepenha.com.br\/index.php\/wp-json\/wp\/v2\/media?parent=1714"}],"curies":[{"name":"wp","href":"https:\/\/api.w.org\/{rel}","templated":true}]}}