{"id":160,"date":"2015-06-09T20:07:15","date_gmt":"2015-06-09T20:07:15","guid":{"rendered":"http:\/\/cepenha.net.br\/?page_id=160"},"modified":"2015-06-10T13:52:33","modified_gmt":"2015-06-10T13:52:33","slug":"localizacao","status":"publish","type":"page","link":"https:\/\/cepenha.com.br\/index.php\/localizacao\/","title":{"rendered":"Localiza\u00e7\u00e3o"},"content":{"rendered":"<h1>Site em Manuten\u00e7\u00e3o<\/h1>\n","protected":false},"excerpt":{"rendered":"<p>Site em Manuten\u00e7\u00e3o<\/p>\n","protected":false},"author":1,"featured_media":0,"parent":0,"menu_order":0,"comment_status":"open","ping_status":"open","template":"template_contact_googlemap.php","meta":{"footnotes":""},"class_list":["post-160","page","type-page","status-publish","hentry"],"_links":{"self":[{"href":"https:\/\/cepenha.com.br\/index.php\/wp-json\/wp\/v2\/pages\/160","targetHints":{"allow":["GET"]}}],"collection":[{"href":"https:\/\/cepenha.com.br\/index.php\/wp-json\/wp\/v2\/pages"}],"about":[{"href":"https:\/\/cepenha.com.br\/index.php\/wp-json\/wp\/v2\/types\/page"}],"author":[{"embeddable":true,"href":"https:\/\/cepenha.com.br\/index.php\/wp-json\/wp\/v2\/users\/1"}],"replies":[{"embeddable":true,"href":"https:\/\/cepenha.com.br\/index.php\/wp-json\/wp\/v2\/comments?post=160"}],"version-history":[{"count":2,"href":"https:\/\/cepenha.com.br\/index.php\/wp-json\/wp\/v2\/pages\/160\/revisions"}],"predecessor-version":[{"id":366,"href":"https:\/\/cepenha.com.br\/index.php\/wp-json\/wp\/v2\/pages\/160\/revisions\/366"}],"wp:attachment":[{"href":"https:\/\/cepenha.com.br\/index.php\/wp-json\/wp\/v2\/media?parent=160"}],"curies":[{"name":"wp","href":"https:\/\/api.w.org\/{rel}","templated":true}]}}