{"id":1305,"date":"2015-08-28T13:49:14","date_gmt":"2015-08-28T13:49:14","guid":{"rendered":"http:\/\/cepenha.net.br\/?page_id=1305"},"modified":"2024-01-16T18:38:45","modified_gmt":"2024-01-16T18:38:45","slug":"espaco-quiosque-do-tenis","status":"publish","type":"page","link":"https:\/\/cepenha.com.br\/index.php\/espaco-quiosque-do-tenis\/","title":{"rendered":"Espa\u00e7o Quiosque do T\u00eanis"},"content":{"rendered":"<div class=\"three_fourth tt-column\"><\/div><div class=\"one_fourth_last tt-column\"><p><span style=\"font-size: x-large;\">Quiosque do T\u00eanis<\/span><br \/>\nUm espa\u00e7o moderno equipado com forno para pizza e p\u00e3es, churrasqueira, pia e mesas, ideal para pequenas festas e confraterniza\u00e7\u00f5es, com capacidade para 50 pessoas.<\/p>\n<\/div><br class=\"clear\" \/><p><a href=\"http:\/\/cepenha.com.br\/wp-content\/uploads\/2024\/01\/quiosque-tenis-24-1.png\"><img loading=\"lazy\" decoding=\"async\" class=\"wp-image-5637 size-large aligncenter\" src=\"http:\/\/cepenha.com.br\/wp-content\/uploads\/2024\/01\/quiosque-tenis-24-1-1024x728.png\" alt=\"\" width=\"960\" height=\"683\" srcset=\"https:\/\/cepenha.com.br\/wp-content\/uploads\/2024\/01\/quiosque-tenis-24-1-1024x728.png 1024w, https:\/\/cepenha.com.br\/wp-content\/uploads\/2024\/01\/quiosque-tenis-24-1-300x213.png 300w, https:\/\/cepenha.com.br\/wp-content\/uploads\/2024\/01\/quiosque-tenis-24-1-768x546.png 768w, https:\/\/cepenha.com.br\/wp-content\/uploads\/2024\/01\/quiosque-tenis-24-1.png 1142w\" sizes=\"auto, (max-width: 960px) 100vw, 960px\" \/><\/a><\/p>\n","protected":false},"excerpt":{"rendered":"<p><\/p>\n","protected":false},"author":1,"featured_media":0,"parent":0,"menu_order":0,"comment_status":"open","ping_status":"open","template":"template-full-width.php","meta":{"footnotes":""},"class_list":["post-1305","page","type-page","status-publish","hentry"],"_links":{"self":[{"href":"https:\/\/cepenha.com.br\/index.php\/wp-json\/wp\/v2\/pages\/1305","targetHints":{"allow":["GET"]}}],"collection":[{"href":"https:\/\/cepenha.com.br\/index.php\/wp-json\/wp\/v2\/pages"}],"about":[{"href":"https:\/\/cepenha.com.br\/index.php\/wp-json\/wp\/v2\/types\/page"}],"author":[{"embeddable":true,"href":"https:\/\/cepenha.com.br\/index.php\/wp-json\/wp\/v2\/users\/1"}],"replies":[{"embeddable":true,"href":"https:\/\/cepenha.com.br\/index.php\/wp-json\/wp\/v2\/comments?post=1305"}],"version-history":[{"count":4,"href":"https:\/\/cepenha.com.br\/index.php\/wp-json\/wp\/v2\/pages\/1305\/revisions"}],"predecessor-version":[{"id":5638,"href":"https:\/\/cepenha.com.br\/index.php\/wp-json\/wp\/v2\/pages\/1305\/revisions\/5638"}],"wp:attachment":[{"href":"https:\/\/cepenha.com.br\/index.php\/wp-json\/wp\/v2\/media?parent=1305"}],"curies":[{"name":"wp","href":"https:\/\/api.w.org\/{rel}","templated":true}]}}