{"id":103,"date":"2015-06-09T14:16:59","date_gmt":"2015-06-09T14:16:59","guid":{"rendered":"http:\/\/cepenha.net.br\/?page_id=103"},"modified":"2022-12-16T14:23:26","modified_gmt":"2022-12-16T14:23:26","slug":"sauna-e-health-center","status":"publish","type":"page","link":"https:\/\/cepenha.com.br\/index.php\/sauna-e-health-center\/","title":{"rendered":"Sauna e Health Center"},"content":{"rendered":"<div class=\"three_fourth tt-column\"><\/div><p>&nbsp;<\/p>\n<div class=\"one_fourth_last tt-column\"><p><span style=\"font-size: x-large\">Sauna e Health Center<\/span><br \/>\nNossa Sauna e Health Center \u00e9 o lugar ideal para revitalizar as energias do corpo. Al\u00e9m de dispor de pessoal especializado, as depend\u00eancias oferecem todos os equipamentos que ir\u00e3o proporcionar sa\u00fade e bem estar para voc\u00ea. Oferecemos:<br \/>\n\u2013 Sauna Seca<br \/>\n\u2013 Sauna \u00damida<br \/>\n\u2013 Ducha Escocesa<br \/>\n\u2013 Ducha Circular<br \/>\n\u2013 Piscina<br \/>\n\u2013 Massagens e diversos outros recursos.<\/p>\n<\/div><br class=\"clear\" \/>","protected":false},"excerpt":{"rendered":"<p>&nbsp;<\/p>\n","protected":false},"author":1,"featured_media":0,"parent":0,"menu_order":0,"comment_status":"open","ping_status":"open","template":"template-full-width.php","meta":{"footnotes":""},"class_list":["post-103","page","type-page","status-publish","hentry"],"_links":{"self":[{"href":"https:\/\/cepenha.com.br\/index.php\/wp-json\/wp\/v2\/pages\/103","targetHints":{"allow":["GET"]}}],"collection":[{"href":"https:\/\/cepenha.com.br\/index.php\/wp-json\/wp\/v2\/pages"}],"about":[{"href":"https:\/\/cepenha.com.br\/index.php\/wp-json\/wp\/v2\/types\/page"}],"author":[{"embeddable":true,"href":"https:\/\/cepenha.com.br\/index.php\/wp-json\/wp\/v2\/users\/1"}],"replies":[{"embeddable":true,"href":"https:\/\/cepenha.com.br\/index.php\/wp-json\/wp\/v2\/comments?post=103"}],"version-history":[{"count":6,"href":"https:\/\/cepenha.com.br\/index.php\/wp-json\/wp\/v2\/pages\/103\/revisions"}],"predecessor-version":[{"id":5018,"href":"https:\/\/cepenha.com.br\/index.php\/wp-json\/wp\/v2\/pages\/103\/revisions\/5018"}],"wp:attachment":[{"href":"https:\/\/cepenha.com.br\/index.php\/wp-json\/wp\/v2\/media?parent=103"}],"curies":[{"name":"wp","href":"https:\/\/api.w.org\/{rel}","templated":true}]}}