{"id":863,"date":"2015-06-26T13:53:57","date_gmt":"2015-06-26T13:53:57","guid":{"rendered":"http:\/\/cepenha.net.br\/?page_id=863"},"modified":"2022-12-16T13:20:20","modified_gmt":"2022-12-16T13:20:20","slug":"piscina-aquecida","status":"publish","type":"page","link":"http:\/\/cepenha.com.br\/index.php\/piscina-aquecida\/","title":{"rendered":"Piscina Aquecida"},"content":{"rendered":"<div class=\"three_fourth tt-column\"><\/div><p>&nbsp;<\/p>\n<div class=\"one_fourth_last tt-column\"><p><span style=\"font-size: x-large;\">Piscina Aquecida<\/span><br \/>\nO parque aqu\u00e1tico do CEP oferece diversas op\u00e7\u00f5es de piscinas para nata\u00e7\u00e3o, por\u00e9m a mais utilizada \u00e9 a piscina aquecida e coberta, que pode ser usada no ver\u00e3o ou no inverno, seja qual for o tempo e temperatura.<\/p>\n<\/div><br class=\"clear\" \/><p>&nbsp;<\/p>\n","protected":false},"excerpt":{"rendered":"<p>&nbsp;<br \/>\n&nbsp;<\/p>\n","protected":false},"author":1,"featured_media":0,"parent":0,"menu_order":0,"comment_status":"open","ping_status":"open","template":"template-full-width.php","meta":{"footnotes":""},"class_list":["post-863","page","type-page","status-publish","hentry"],"_links":{"self":[{"href":"http:\/\/cepenha.com.br\/index.php\/wp-json\/wp\/v2\/pages\/863","targetHints":{"allow":["GET"]}}],"collection":[{"href":"http:\/\/cepenha.com.br\/index.php\/wp-json\/wp\/v2\/pages"}],"about":[{"href":"http:\/\/cepenha.com.br\/index.php\/wp-json\/wp\/v2\/types\/page"}],"author":[{"embeddable":true,"href":"http:\/\/cepenha.com.br\/index.php\/wp-json\/wp\/v2\/users\/1"}],"replies":[{"embeddable":true,"href":"http:\/\/cepenha.com.br\/index.php\/wp-json\/wp\/v2\/comments?post=863"}],"version-history":[{"count":13,"href":"http:\/\/cepenha.com.br\/index.php\/wp-json\/wp\/v2\/pages\/863\/revisions"}],"predecessor-version":[{"id":4968,"href":"http:\/\/cepenha.com.br\/index.php\/wp-json\/wp\/v2\/pages\/863\/revisions\/4968"}],"wp:attachment":[{"href":"http:\/\/cepenha.com.br\/index.php\/wp-json\/wp\/v2\/media?parent=863"}],"curies":[{"name":"wp","href":"https:\/\/api.w.org\/{rel}","templated":true}]}}