{"id":848,"date":"2015-06-26T12:42:17","date_gmt":"2015-06-26T12:42:17","guid":{"rendered":"http:\/\/cepenha.net.br\/?page_id=848"},"modified":"2022-12-16T13:22:01","modified_gmt":"2022-12-16T13:22:01","slug":"parque-aquatico","status":"publish","type":"page","link":"http:\/\/cepenha.com.br\/index.php\/parque-aquatico\/","title":{"rendered":"Parque Aqu\u00e1tico"},"content":{"rendered":"<div class=\"three_fourth tt-column\"><\/div><p>&nbsp;<\/p>\n<div class=\"one_fourth_last tt-column\"><p><span style=\"font-size: x-large\">Parque Aqu\u00e1tico<\/span><br \/>\nA grande atra\u00e7\u00e3o de nosso clube, com \u00e1gua limp\u00edssima, tratada com as mais modernas t\u00e9cnicas e produtos, est\u00e1 esperando por voc\u00ea! S\u00e3o cinco piscinas, cada uma para um gosto. Entre as piscinas temos: Piscina Aquecida e Coberta, Piscina Climatizada, Piscina Semiol\u00edmpica e a Piscina Infantil.<\/p>\n<\/div><br class=\"clear\" \/>","protected":false},"excerpt":{"rendered":"<p>&nbsp;<\/p>\n","protected":false},"author":1,"featured_media":0,"parent":0,"menu_order":0,"comment_status":"open","ping_status":"open","template":"template-full-width.php","meta":{"footnotes":""},"class_list":["post-848","page","type-page","status-publish","hentry"],"_links":{"self":[{"href":"http:\/\/cepenha.com.br\/index.php\/wp-json\/wp\/v2\/pages\/848","targetHints":{"allow":["GET"]}}],"collection":[{"href":"http:\/\/cepenha.com.br\/index.php\/wp-json\/wp\/v2\/pages"}],"about":[{"href":"http:\/\/cepenha.com.br\/index.php\/wp-json\/wp\/v2\/types\/page"}],"author":[{"embeddable":true,"href":"http:\/\/cepenha.com.br\/index.php\/wp-json\/wp\/v2\/users\/1"}],"replies":[{"embeddable":true,"href":"http:\/\/cepenha.com.br\/index.php\/wp-json\/wp\/v2\/comments?post=848"}],"version-history":[{"count":9,"href":"http:\/\/cepenha.com.br\/index.php\/wp-json\/wp\/v2\/pages\/848\/revisions"}],"predecessor-version":[{"id":4969,"href":"http:\/\/cepenha.com.br\/index.php\/wp-json\/wp\/v2\/pages\/848\/revisions\/4969"}],"wp:attachment":[{"href":"http:\/\/cepenha.com.br\/index.php\/wp-json\/wp\/v2\/media?parent=848"}],"curies":[{"name":"wp","href":"https:\/\/api.w.org\/{rel}","templated":true}]}}