{"id":58,"date":"2015-06-09T13:56:36","date_gmt":"2015-06-09T13:56:36","guid":{"rendered":"http:\/\/cepenha.net.br\/?page_id=58"},"modified":"2019-12-12T11:55:07","modified_gmt":"2019-12-12T11:55:07","slug":"conselho-juridico","status":"publish","type":"page","link":"http:\/\/cepenha.com.br\/index.php\/conselho-juridico\/","title":{"rendered":"Conselho Jur\u00eddico"},"content":{"rendered":"<p>P\u00e1gina em Manuten\u00e7\u00e3o.<\/p>\n","protected":false},"excerpt":{"rendered":"<p>P\u00e1gina em Manuten\u00e7\u00e3o.<\/p>\n","protected":false},"author":1,"featured_media":0,"parent":0,"menu_order":0,"comment_status":"open","ping_status":"open","template":"template-full-width.php","meta":{"footnotes":""},"class_list":["post-58","page","type-page","status-publish","hentry"],"_links":{"self":[{"href":"http:\/\/cepenha.com.br\/index.php\/wp-json\/wp\/v2\/pages\/58","targetHints":{"allow":["GET"]}}],"collection":[{"href":"http:\/\/cepenha.com.br\/index.php\/wp-json\/wp\/v2\/pages"}],"about":[{"href":"http:\/\/cepenha.com.br\/index.php\/wp-json\/wp\/v2\/types\/page"}],"author":[{"embeddable":true,"href":"http:\/\/cepenha.com.br\/index.php\/wp-json\/wp\/v2\/users\/1"}],"replies":[{"embeddable":true,"href":"http:\/\/cepenha.com.br\/index.php\/wp-json\/wp\/v2\/comments?post=58"}],"version-history":[{"count":12,"href":"http:\/\/cepenha.com.br\/index.php\/wp-json\/wp\/v2\/pages\/58\/revisions"}],"predecessor-version":[{"id":3446,"href":"http:\/\/cepenha.com.br\/index.php\/wp-json\/wp\/v2\/pages\/58\/revisions\/3446"}],"wp:attachment":[{"href":"http:\/\/cepenha.com.br\/index.php\/wp-json\/wp\/v2\/media?parent=58"}],"curies":[{"name":"wp","href":"https:\/\/api.w.org\/{rel}","templated":true}]}}