{"id":4826,"date":"2022-10-21T13:47:11","date_gmt":"2022-10-21T13:47:11","guid":{"rendered":"http:\/\/cepenha.com.br\/?page_id=4826"},"modified":"2022-12-15T14:16:43","modified_gmt":"2022-12-15T14:16:43","slug":"jiu-jutsu","status":"publish","type":"page","link":"http:\/\/cepenha.com.br\/index.php\/jiu-jutsu\/","title":{"rendered":"Jiu-Jitsu"},"content":{"rendered":"<div class=\"three_fourth tt-column\"><\/div><div class=\"one_fourth_last tt-column\"><p><span style=\"font-size: x-large;\">Jiu-Jitsu<\/span><br \/>\nJiu-Jitsu \u00e9 uma arte marcial japonesa que utiliza uma s\u00e9rie de diferentes t\u00e9cnicas e golpes corporais com o objetivo de derrotar ou imobilizar o oponente. Homens e mulheres aprendem a se defender de ataques de pessoas que possam atac\u00e1-las e isso faz com que elas se sintam um pouco mais seguras.<\/p>\n<\/div><br class=\"clear\" \/><p style=\"text-align: center;\"><a href=\"http:\/\/cepenha.com.br\/wp-content\/uploads\/2022\/10\/Jiujitsu_divulga.jpg\"><img loading=\"lazy\" decoding=\"async\" class=\"alignnone size-large wp-image-4827\" src=\"http:\/\/cepenha.com.br\/wp-content\/uploads\/2022\/10\/Jiujitsu_divulga-1024x1024.jpg\" alt=\"Jiujitsu_divulga\" width=\"960\" height=\"960\" srcset=\"http:\/\/cepenha.com.br\/wp-content\/uploads\/2022\/10\/Jiujitsu_divulga-1024x1024.jpg 1024w, http:\/\/cepenha.com.br\/wp-content\/uploads\/2022\/10\/Jiujitsu_divulga-150x150.jpg 150w, http:\/\/cepenha.com.br\/wp-content\/uploads\/2022\/10\/Jiujitsu_divulga-300x300.jpg 300w, http:\/\/cepenha.com.br\/wp-content\/uploads\/2022\/10\/Jiujitsu_divulga-768x768.jpg 768w, http:\/\/cepenha.com.br\/wp-content\/uploads\/2022\/10\/Jiujitsu_divulga.jpg 1200w\" sizes=\"auto, (max-width: 960px) 100vw, 960px\" \/><\/a><\/p>\n","protected":false},"excerpt":{"rendered":"<p><\/p>\n","protected":false},"author":1,"featured_media":0,"parent":0,"menu_order":0,"comment_status":"open","ping_status":"open","template":"","meta":{"footnotes":""},"class_list":["post-4826","page","type-page","status-publish","hentry"],"_links":{"self":[{"href":"http:\/\/cepenha.com.br\/index.php\/wp-json\/wp\/v2\/pages\/4826","targetHints":{"allow":["GET"]}}],"collection":[{"href":"http:\/\/cepenha.com.br\/index.php\/wp-json\/wp\/v2\/pages"}],"about":[{"href":"http:\/\/cepenha.com.br\/index.php\/wp-json\/wp\/v2\/types\/page"}],"author":[{"embeddable":true,"href":"http:\/\/cepenha.com.br\/index.php\/wp-json\/wp\/v2\/users\/1"}],"replies":[{"embeddable":true,"href":"http:\/\/cepenha.com.br\/index.php\/wp-json\/wp\/v2\/comments?post=4826"}],"version-history":[{"count":17,"href":"http:\/\/cepenha.com.br\/index.php\/wp-json\/wp\/v2\/pages\/4826\/revisions"}],"predecessor-version":[{"id":4912,"href":"http:\/\/cepenha.com.br\/index.php\/wp-json\/wp\/v2\/pages\/4826\/revisions\/4912"}],"wp:attachment":[{"href":"http:\/\/cepenha.com.br\/index.php\/wp-json\/wp\/v2\/media?parent=4826"}],"curies":[{"name":"wp","href":"https:\/\/api.w.org\/{rel}","templated":true}]}}