{"id":4423,"date":"2021-12-14T19:14:47","date_gmt":"2021-12-14T19:14:47","guid":{"rendered":"http:\/\/cepenha.com.br\/?page_id=4423"},"modified":"2024-01-05T18:23:03","modified_gmt":"2024-01-05T18:23:03","slug":"quiosque-1-2","status":"publish","type":"page","link":"http:\/\/cepenha.com.br\/index.php\/quiosque-1-2\/","title":{"rendered":"Quiosque 1"},"content":{"rendered":"<div class=\"three_fourth tt-column\"><\/div><div class=\"one_fourth_last tt-column\"><p><span style=\"font-size: x-large;\">Quiosque 1<\/span><br \/>\nUm excelente programa para toda a fam\u00edlia! Aproveite nossa infraestrutura completa e a magn\u00edfica visto do lago para fazer o seu churrasco ou almo\u00e7o em fam\u00edlia!<\/p>\n<\/div><br class=\"clear\" \/><p><a href=\"http:\/\/cepenha.com.br\/wp-content\/uploads\/2024\/01\/quiosque-1-24.png\"><img loading=\"lazy\" decoding=\"async\" class=\"aligncenter wp-image-5581 size-large\" src=\"http:\/\/cepenha.com.br\/wp-content\/uploads\/2024\/01\/quiosque-1-24-1024x728.png\" alt=\"\" width=\"960\" height=\"683\" srcset=\"http:\/\/cepenha.com.br\/wp-content\/uploads\/2024\/01\/quiosque-1-24-1024x728.png 1024w, http:\/\/cepenha.com.br\/wp-content\/uploads\/2024\/01\/quiosque-1-24-300x213.png 300w, http:\/\/cepenha.com.br\/wp-content\/uploads\/2024\/01\/quiosque-1-24-768x546.png 768w, http:\/\/cepenha.com.br\/wp-content\/uploads\/2024\/01\/quiosque-1-24.png 1142w\" sizes=\"auto, (max-width: 960px) 100vw, 960px\" \/><\/a><\/p>\n","protected":false},"excerpt":{"rendered":"<p><\/p>\n","protected":false},"author":1,"featured_media":0,"parent":0,"menu_order":0,"comment_status":"open","ping_status":"open","template":"","meta":{"footnotes":""},"class_list":["post-4423","page","type-page","status-publish","hentry"],"_links":{"self":[{"href":"http:\/\/cepenha.com.br\/index.php\/wp-json\/wp\/v2\/pages\/4423","targetHints":{"allow":["GET"]}}],"collection":[{"href":"http:\/\/cepenha.com.br\/index.php\/wp-json\/wp\/v2\/pages"}],"about":[{"href":"http:\/\/cepenha.com.br\/index.php\/wp-json\/wp\/v2\/types\/page"}],"author":[{"embeddable":true,"href":"http:\/\/cepenha.com.br\/index.php\/wp-json\/wp\/v2\/users\/1"}],"replies":[{"embeddable":true,"href":"http:\/\/cepenha.com.br\/index.php\/wp-json\/wp\/v2\/comments?post=4423"}],"version-history":[{"count":4,"href":"http:\/\/cepenha.com.br\/index.php\/wp-json\/wp\/v2\/pages\/4423\/revisions"}],"predecessor-version":[{"id":5582,"href":"http:\/\/cepenha.com.br\/index.php\/wp-json\/wp\/v2\/pages\/4423\/revisions\/5582"}],"wp:attachment":[{"href":"http:\/\/cepenha.com.br\/index.php\/wp-json\/wp\/v2\/media?parent=4423"}],"curies":[{"name":"wp","href":"https:\/\/api.w.org\/{rel}","templated":true}]}}