{"id":4267,"date":"2021-08-06T17:45:21","date_gmt":"2021-08-06T17:45:21","guid":{"rendered":"http:\/\/cepenha.com.br\/?page_id=4267"},"modified":"2021-08-06T18:02:11","modified_gmt":"2021-08-06T18:02:11","slug":"2o-campeonato-de-penaltis","status":"publish","type":"page","link":"http:\/\/cepenha.com.br\/index.php\/2o-campeonato-de-penaltis\/","title":{"rendered":"2\u00ba Campeonato de P\u00eanaltis"},"content":{"rendered":"<p>Em comemora\u00e7\u00e3o ao Dia dos Pais, teremos no dia 14 de agosto uma manh\u00e3 inteira de atividades esportivas, um grande desafio para unir ainda mais Pais e Filhos. O evento \u00e9 gratuito para associados e vai acontecer no nosso campo de Futebol Society. Convidados de associados tamb\u00e9m poder\u00e3o participar. As inscri\u00e7\u00f5es iniciaram no dia 26\/07 e v\u00e3o at\u00e9 o dia 07\/08, para mais informa\u00e7\u00f5es, envie mensagem para 11 94770-8264.<\/p>\n<p>&nbsp;<\/p>\n<p><img loading=\"lazy\" decoding=\"async\" class=\"aligncenter size-medium wp-image-4268\" src=\"http:\/\/cepenha.com.br\/wp-content\/uploads\/2021\/08\/2\u00ba-Campeonato-Penalties-Logos-Web-300x300.jpg\" alt=\"2\u00ba-Campeonato-Penalties- Logos Web\" width=\"300\" height=\"300\" srcset=\"http:\/\/cepenha.com.br\/wp-content\/uploads\/2021\/08\/2\u00ba-Campeonato-Penalties-Logos-Web-300x300.jpg 300w, http:\/\/cepenha.com.br\/wp-content\/uploads\/2021\/08\/2\u00ba-Campeonato-Penalties-Logos-Web-150x150.jpg 150w, http:\/\/cepenha.com.br\/wp-content\/uploads\/2021\/08\/2\u00ba-Campeonato-Penalties-Logos-Web-768x768.jpg 768w, http:\/\/cepenha.com.br\/wp-content\/uploads\/2021\/08\/2\u00ba-Campeonato-Penalties-Logos-Web-1024x1024.jpg 1024w, http:\/\/cepenha.com.br\/wp-content\/uploads\/2021\/08\/2\u00ba-Campeonato-Penalties-Logos-Web.jpg 1200w\" sizes=\"auto, (max-width: 300px) 100vw, 300px\" \/><\/p>\n","protected":false},"excerpt":{"rendered":"<p>Em comemora\u00e7\u00e3o ao Dia dos Pais, teremos no dia 14 de agosto uma manh\u00e3 inteira de atividades esportivas, um grande desafio para unir ainda mais Pais e Filhos. O evento \u00e9 gratuito para associados e vai acontecer no nosso campo de Futebol Society. Convidados de associados tamb\u00e9m poder\u00e3o participar. As inscri\u00e7\u00f5es iniciaram no dia 26\/07 e v\u00e3o at\u00e9 o dia 07\/08, para mais informa\u00e7\u00f5es, envie mensagem para 11 94770-8264.<br \/>\n&nbsp;<\/p>\n","protected":false},"author":1,"featured_media":0,"parent":0,"menu_order":0,"comment_status":"open","ping_status":"open","template":"","meta":{"footnotes":""},"class_list":["post-4267","page","type-page","status-publish","hentry"],"_links":{"self":[{"href":"http:\/\/cepenha.com.br\/index.php\/wp-json\/wp\/v2\/pages\/4267","targetHints":{"allow":["GET"]}}],"collection":[{"href":"http:\/\/cepenha.com.br\/index.php\/wp-json\/wp\/v2\/pages"}],"about":[{"href":"http:\/\/cepenha.com.br\/index.php\/wp-json\/wp\/v2\/types\/page"}],"author":[{"embeddable":true,"href":"http:\/\/cepenha.com.br\/index.php\/wp-json\/wp\/v2\/users\/1"}],"replies":[{"embeddable":true,"href":"http:\/\/cepenha.com.br\/index.php\/wp-json\/wp\/v2\/comments?post=4267"}],"version-history":[{"count":3,"href":"http:\/\/cepenha.com.br\/index.php\/wp-json\/wp\/v2\/pages\/4267\/revisions"}],"predecessor-version":[{"id":4272,"href":"http:\/\/cepenha.com.br\/index.php\/wp-json\/wp\/v2\/pages\/4267\/revisions\/4272"}],"wp:attachment":[{"href":"http:\/\/cepenha.com.br\/index.php\/wp-json\/wp\/v2\/media?parent=4267"}],"curies":[{"name":"wp","href":"https:\/\/api.w.org\/{rel}","templated":true}]}}