{"id":3328,"date":"2019-09-25T14:33:25","date_gmt":"2019-09-25T14:33:25","guid":{"rendered":"http:\/\/cepenha.com.br\/?page_id=3328"},"modified":"2019-09-25T14:51:49","modified_gmt":"2019-09-25T14:51:49","slug":"convocacao-assembleia-geral","status":"publish","type":"page","link":"http:\/\/cepenha.com.br\/index.php\/convocacao-assembleia-geral\/","title":{"rendered":"Convoca\u00e7\u00e3o Assembl\u00e9ia Geral"},"content":{"rendered":"<p><img loading=\"lazy\" decoding=\"async\" src=\"http:\/\/cepenha.com.br\/wp-content\/uploads\/2019\/09\/Edital-convoccao-Assembl\u00e9ia-Geral.jpg\" alt=\"Edital convoccao Assembl\u00e9ia Geral\" width=\"595\" height=\"842\" class=\"aligncenter size-full wp-image-3338\" srcset=\"http:\/\/cepenha.com.br\/wp-content\/uploads\/2019\/09\/Edital-convoccao-Assembl\u00e9ia-Geral.jpg 595w, http:\/\/cepenha.com.br\/wp-content\/uploads\/2019\/09\/Edital-convoccao-Assembl\u00e9ia-Geral-212x300.jpg 212w\" sizes=\"auto, (max-width: 595px) 100vw, 595px\" \/><\/p>\n","protected":false},"excerpt":{"rendered":"<p><\/p>\n","protected":false},"author":1,"featured_media":0,"parent":0,"menu_order":0,"comment_status":"open","ping_status":"open","template":"template-full-width.php","meta":{"footnotes":""},"class_list":["post-3328","page","type-page","status-publish","hentry"],"_links":{"self":[{"href":"http:\/\/cepenha.com.br\/index.php\/wp-json\/wp\/v2\/pages\/3328","targetHints":{"allow":["GET"]}}],"collection":[{"href":"http:\/\/cepenha.com.br\/index.php\/wp-json\/wp\/v2\/pages"}],"about":[{"href":"http:\/\/cepenha.com.br\/index.php\/wp-json\/wp\/v2\/types\/page"}],"author":[{"embeddable":true,"href":"http:\/\/cepenha.com.br\/index.php\/wp-json\/wp\/v2\/users\/1"}],"replies":[{"embeddable":true,"href":"http:\/\/cepenha.com.br\/index.php\/wp-json\/wp\/v2\/comments?post=3328"}],"version-history":[{"count":2,"href":"http:\/\/cepenha.com.br\/index.php\/wp-json\/wp\/v2\/pages\/3328\/revisions"}],"predecessor-version":[{"id":3339,"href":"http:\/\/cepenha.com.br\/index.php\/wp-json\/wp\/v2\/pages\/3328\/revisions\/3339"}],"wp:attachment":[{"href":"http:\/\/cepenha.com.br\/index.php\/wp-json\/wp\/v2\/media?parent=3328"}],"curies":[{"name":"wp","href":"https:\/\/api.w.org\/{rel}","templated":true}]}}