{"id":3282,"date":"2019-09-13T13:06:15","date_gmt":"2019-09-13T13:06:15","guid":{"rendered":"http:\/\/cepenha.com.br\/?page_id=3282"},"modified":"2019-09-13T16:51:47","modified_gmt":"2019-09-13T16:51:47","slug":"reuniao-do-conselho-deliberativo","status":"publish","type":"page","link":"http:\/\/cepenha.com.br\/index.php\/reuniao-do-conselho-deliberativo\/","title":{"rendered":"Reuni\u00e3o do Conselho Deliberativo"},"content":{"rendered":"<h2 style=\"text-align: center;\"><span style=\"color: #ffffff;\">Edital de Convoca\u00e7\u00e3o para Reuni\u00e3o do Conselho Deliberativo<\/span><\/h2>\n<p><img loading=\"lazy\" decoding=\"async\" class=\"aligncenter size-full wp-image-3290\" src=\"http:\/\/cepenha.com.br\/wp-content\/uploads\/2019\/09\/site-2.jpg\" alt=\"site\" width=\"1200\" height=\"1425\" srcset=\"http:\/\/cepenha.com.br\/wp-content\/uploads\/2019\/09\/site-2.jpg 1200w, http:\/\/cepenha.com.br\/wp-content\/uploads\/2019\/09\/site-2-253x300.jpg 253w, http:\/\/cepenha.com.br\/wp-content\/uploads\/2019\/09\/site-2-768x912.jpg 768w, http:\/\/cepenha.com.br\/wp-content\/uploads\/2019\/09\/site-2-862x1024.jpg 862w\" sizes=\"auto, (max-width: 1200px) 100vw, 1200px\" \/><\/p>\n","protected":false},"excerpt":{"rendered":"<p>Edital de Convoca\u00e7\u00e3o para Reuni\u00e3o do Conselho Deliberativo<\/p>\n","protected":false},"author":1,"featured_media":0,"parent":0,"menu_order":0,"comment_status":"open","ping_status":"open","template":"template-full-width.php","meta":{"footnotes":""},"class_list":["post-3282","page","type-page","status-publish","hentry"],"_links":{"self":[{"href":"http:\/\/cepenha.com.br\/index.php\/wp-json\/wp\/v2\/pages\/3282","targetHints":{"allow":["GET"]}}],"collection":[{"href":"http:\/\/cepenha.com.br\/index.php\/wp-json\/wp\/v2\/pages"}],"about":[{"href":"http:\/\/cepenha.com.br\/index.php\/wp-json\/wp\/v2\/types\/page"}],"author":[{"embeddable":true,"href":"http:\/\/cepenha.com.br\/index.php\/wp-json\/wp\/v2\/users\/1"}],"replies":[{"embeddable":true,"href":"http:\/\/cepenha.com.br\/index.php\/wp-json\/wp\/v2\/comments?post=3282"}],"version-history":[{"count":3,"href":"http:\/\/cepenha.com.br\/index.php\/wp-json\/wp\/v2\/pages\/3282\/revisions"}],"predecessor-version":[{"id":3292,"href":"http:\/\/cepenha.com.br\/index.php\/wp-json\/wp\/v2\/pages\/3282\/revisions\/3292"}],"wp:attachment":[{"href":"http:\/\/cepenha.com.br\/index.php\/wp-json\/wp\/v2\/media?parent=3282"}],"curies":[{"name":"wp","href":"https:\/\/api.w.org\/{rel}","templated":true}]}}