{"id":297,"date":"2015-06-10T13:18:45","date_gmt":"2015-06-10T13:18:45","guid":{"rendered":"http:\/\/cepenha.net.br\/?page_id=297"},"modified":"2022-12-16T12:25:55","modified_gmt":"2022-12-16T12:25:55","slug":"pesca-esportiva","status":"publish","type":"page","link":"http:\/\/cepenha.com.br\/index.php\/pesca-esportiva\/","title":{"rendered":"Pesca Esportiva e Lago"},"content":{"rendered":"<div class=\"three_fourth tt-column\"><\/div><p>&nbsp;<\/p>\n<div class=\"one_fourth_last tt-column\"><p><span style=\"font-size: x-large;\">Pesca Esportiva e Lago<\/span><br \/>\nPesca esportiva \u00e9 a pesca que se pratica enquanto atividade de lazer, sem que dela dependa a subsist\u00eancia do pescador. Tamb\u00e9m podemos chamar de pesca de lazer ou pesca amadora. Uma das modalidades mais populares da pesca esportiva \u00e9 a praticada utilizando-se apenas vara de pesca, linha de pesca e anzol sem farpas. Ap\u00f3s a foto o peixe \u00e9 devolvido \u00e0 \u00e1gua o mais r\u00e1pido poss\u00edvel.<\/p>\n<\/div><br class=\"clear\" \/>","protected":false},"excerpt":{"rendered":"<p>&nbsp;<\/p>\n","protected":false},"author":1,"featured_media":0,"parent":0,"menu_order":0,"comment_status":"open","ping_status":"open","template":"template-full-width.php","meta":{"footnotes":""},"class_list":["post-297","page","type-page","status-publish","hentry"],"_links":{"self":[{"href":"http:\/\/cepenha.com.br\/index.php\/wp-json\/wp\/v2\/pages\/297","targetHints":{"allow":["GET"]}}],"collection":[{"href":"http:\/\/cepenha.com.br\/index.php\/wp-json\/wp\/v2\/pages"}],"about":[{"href":"http:\/\/cepenha.com.br\/index.php\/wp-json\/wp\/v2\/types\/page"}],"author":[{"embeddable":true,"href":"http:\/\/cepenha.com.br\/index.php\/wp-json\/wp\/v2\/users\/1"}],"replies":[{"embeddable":true,"href":"http:\/\/cepenha.com.br\/index.php\/wp-json\/wp\/v2\/comments?post=297"}],"version-history":[{"count":7,"href":"http:\/\/cepenha.com.br\/index.php\/wp-json\/wp\/v2\/pages\/297\/revisions"}],"predecessor-version":[{"id":4936,"href":"http:\/\/cepenha.com.br\/index.php\/wp-json\/wp\/v2\/pages\/297\/revisions\/4936"}],"wp:attachment":[{"href":"http:\/\/cepenha.com.br\/index.php\/wp-json\/wp\/v2\/media?parent=297"}],"curies":[{"name":"wp","href":"https:\/\/api.w.org\/{rel}","templated":true}]}}