{"id":278,"date":"2015-06-10T13:10:02","date_gmt":"2015-06-10T13:10:02","guid":{"rendered":"http:\/\/cepenha.net.br\/?page_id=278"},"modified":"2022-12-16T12:15:53","modified_gmt":"2022-12-16T12:15:53","slug":"boliche","status":"publish","type":"page","link":"http:\/\/cepenha.com.br\/index.php\/boliche\/","title":{"rendered":"Boliche"},"content":{"rendered":"<div class=\"three_fourth tt-column\"><\/div><p>&nbsp;<\/p>\n<div class=\"one_fourth_last tt-column\"><p><span style=\"font-size: x-large;\">Boliche<\/span><br \/>\nO boliche \u00e9 um esporte cujo objetivo \u00e9 derrubar com uma bola uma s\u00e9rie de pinos alinhados ao fundo de uma pista. Como a per\u00edcia do jogador \u00e9 mais importante que a sua for\u00e7a ou resist\u00eancia f\u00edsica, pode-se jogar boliche por toda a vida e obter bons resultados. O Cep oferece aos associados quatro modernas pistas de boliche totalmente computadorizadas. Para veicular fale com o Departamento de Marketing, Tel.: (11) 2082-7248.<\/p>\n<\/div><br class=\"clear\" \/>","protected":false},"excerpt":{"rendered":"<p>&nbsp;<\/p>\n","protected":false},"author":1,"featured_media":0,"parent":0,"menu_order":0,"comment_status":"open","ping_status":"open","template":"template-full-width.php","meta":{"footnotes":""},"class_list":["post-278","page","type-page","status-publish","hentry"],"_links":{"self":[{"href":"http:\/\/cepenha.com.br\/index.php\/wp-json\/wp\/v2\/pages\/278","targetHints":{"allow":["GET"]}}],"collection":[{"href":"http:\/\/cepenha.com.br\/index.php\/wp-json\/wp\/v2\/pages"}],"about":[{"href":"http:\/\/cepenha.com.br\/index.php\/wp-json\/wp\/v2\/types\/page"}],"author":[{"embeddable":true,"href":"http:\/\/cepenha.com.br\/index.php\/wp-json\/wp\/v2\/users\/1"}],"replies":[{"embeddable":true,"href":"http:\/\/cepenha.com.br\/index.php\/wp-json\/wp\/v2\/comments?post=278"}],"version-history":[{"count":7,"href":"http:\/\/cepenha.com.br\/index.php\/wp-json\/wp\/v2\/pages\/278\/revisions"}],"predecessor-version":[{"id":4930,"href":"http:\/\/cepenha.com.br\/index.php\/wp-json\/wp\/v2\/pages\/278\/revisions\/4930"}],"wp:attachment":[{"href":"http:\/\/cepenha.com.br\/index.php\/wp-json\/wp\/v2\/media?parent=278"}],"curies":[{"name":"wp","href":"https:\/\/api.w.org\/{rel}","templated":true}]}}