{"id":253,"date":"2015-06-10T13:00:57","date_gmt":"2015-06-10T13:00:57","guid":{"rendered":"http:\/\/cepenha.net.br\/?page_id=253"},"modified":"2019-09-26T18:53:02","modified_gmt":"2019-09-26T18:53:02","slug":"capoeira","status":"publish","type":"page","link":"http:\/\/cepenha.com.br\/index.php\/capoeira\/","title":{"rendered":"Capoeira"},"content":{"rendered":"<div class=\"three_fourth tt-column\"><p>[layerslider id=&#8221;25&#8243;]<\/p>\n<\/div><div class=\"one_fourth_last tt-column\"><p><span style=\"font-size: x-large\">Capoeira\u00a0<\/span><br \/>\nA capoeira  \u00e9 uma express\u00e3o cultural brasileira que mistura arte marcial, esporte, cultura popular e m\u00fasica. Desenvolvida no Brasil principalmente por descendentes de escravos africanos, \u00e9 caracterizada por golpes e movimentos \u00e1geis e complexos, utilizando primariamente chutes e rasteiras, al\u00e9m de cabe\u00e7adas, joelhadas, cotoveladas, acrobacias em solo ou a\u00e9reas. O clube oferece o espa\u00e7o para capoeira que funciona junto ao Doj\u00f4 do jud\u00f4.<\/p>\n<\/div><br class=\"clear\" \/><p>&nbsp;<br \/>\n<img loading=\"lazy\" decoding=\"async\" src=\"http:\/\/cepenha.com.br\/wp-content\/uploads\/2019\/09\/capoeira_horarios_novo.png\" alt=\"capoeira_horarios_novo\" width=\"970\" height=\"400\" class=\"alignleft size-full wp-image-3343\" srcset=\"http:\/\/cepenha.com.br\/wp-content\/uploads\/2019\/09\/capoeira_horarios_novo.png 970w, http:\/\/cepenha.com.br\/wp-content\/uploads\/2019\/09\/capoeira_horarios_novo-300x124.png 300w, http:\/\/cepenha.com.br\/wp-content\/uploads\/2019\/09\/capoeira_horarios_novo-768x317.png 768w\" sizes=\"auto, (max-width: 970px) 100vw, 970px\" \/><\/p>\n","protected":false},"excerpt":{"rendered":"<p>&nbsp;<\/p>\n","protected":false},"author":1,"featured_media":0,"parent":0,"menu_order":0,"comment_status":"open","ping_status":"open","template":"template-full-width.php","meta":{"footnotes":""},"class_list":["post-253","page","type-page","status-publish","hentry"],"_links":{"self":[{"href":"http:\/\/cepenha.com.br\/index.php\/wp-json\/wp\/v2\/pages\/253","targetHints":{"allow":["GET"]}}],"collection":[{"href":"http:\/\/cepenha.com.br\/index.php\/wp-json\/wp\/v2\/pages"}],"about":[{"href":"http:\/\/cepenha.com.br\/index.php\/wp-json\/wp\/v2\/types\/page"}],"author":[{"embeddable":true,"href":"http:\/\/cepenha.com.br\/index.php\/wp-json\/wp\/v2\/users\/1"}],"replies":[{"embeddable":true,"href":"http:\/\/cepenha.com.br\/index.php\/wp-json\/wp\/v2\/comments?post=253"}],"version-history":[{"count":12,"href":"http:\/\/cepenha.com.br\/index.php\/wp-json\/wp\/v2\/pages\/253\/revisions"}],"predecessor-version":[{"id":3345,"href":"http:\/\/cepenha.com.br\/index.php\/wp-json\/wp\/v2\/pages\/253\/revisions\/3345"}],"wp:attachment":[{"href":"http:\/\/cepenha.com.br\/index.php\/wp-json\/wp\/v2\/media?parent=253"}],"curies":[{"name":"wp","href":"https:\/\/api.w.org\/{rel}","templated":true}]}}