{"id":215,"date":"2015-06-10T12:41:05","date_gmt":"2015-06-10T12:41:05","guid":{"rendered":"http:\/\/cepenha.net.br\/?page_id=215"},"modified":"2022-12-15T14:49:24","modified_gmt":"2022-12-15T14:49:24","slug":"squash","status":"publish","type":"page","link":"http:\/\/cepenha.com.br\/index.php\/squash\/","title":{"rendered":"Squash"},"content":{"rendered":"<div class=\"three_fourth tt-column\"><\/div><div class=\"one_fourth_last tt-column\"><p><span style=\"font-size: x-large;\">Squash&nbsp;<\/span><br \/>\n\u00c9 um desporto praticado com raquetes e com uma pequena bola oca preta de borracha por dois jogadores (ou quatro jogadores para disputa de duplas) em uma quadra\/campo fechada por quatro paredes, sendo a traseira de vidro. Nas competi\u00e7\u00f5es de profissionais, as quatro paredes s\u00e3o de vidro e a bola \u00e9 branca. No CEP oferecemos para os associados uma quadra oficial de Squash.<\/p>\n<\/div><br class=\"clear\" \/>","protected":false},"excerpt":{"rendered":"","protected":false},"author":1,"featured_media":0,"parent":0,"menu_order":0,"comment_status":"open","ping_status":"open","template":"template-full-width.php","meta":{"footnotes":""},"class_list":["post-215","page","type-page","status-publish","hentry"],"_links":{"self":[{"href":"http:\/\/cepenha.com.br\/index.php\/wp-json\/wp\/v2\/pages\/215","targetHints":{"allow":["GET"]}}],"collection":[{"href":"http:\/\/cepenha.com.br\/index.php\/wp-json\/wp\/v2\/pages"}],"about":[{"href":"http:\/\/cepenha.com.br\/index.php\/wp-json\/wp\/v2\/types\/page"}],"author":[{"embeddable":true,"href":"http:\/\/cepenha.com.br\/index.php\/wp-json\/wp\/v2\/users\/1"}],"replies":[{"embeddable":true,"href":"http:\/\/cepenha.com.br\/index.php\/wp-json\/wp\/v2\/comments?post=215"}],"version-history":[{"count":7,"href":"http:\/\/cepenha.com.br\/index.php\/wp-json\/wp\/v2\/pages\/215\/revisions"}],"predecessor-version":[{"id":4921,"href":"http:\/\/cepenha.com.br\/index.php\/wp-json\/wp\/v2\/pages\/215\/revisions\/4921"}],"wp:attachment":[{"href":"http:\/\/cepenha.com.br\/index.php\/wp-json\/wp\/v2\/media?parent=215"}],"curies":[{"name":"wp","href":"https:\/\/api.w.org\/{rel}","templated":true}]}}