{"id":185,"date":"2015-06-10T12:28:22","date_gmt":"2015-06-10T12:28:22","guid":{"rendered":"http:\/\/cepenha.net.br\/?page_id=185"},"modified":"2022-12-16T14:13:47","modified_gmt":"2022-12-16T14:13:47","slug":"gastronomia","status":"publish","type":"page","link":"http:\/\/cepenha.com.br\/index.php\/gastronomia\/","title":{"rendered":"Gastronomia"},"content":{"rendered":"<div class=\"three_fourth tt-column\"><\/div><p>&nbsp;<\/p>\n<div class=\"one_fourth_last tt-column\"><p><span style=\"font-size: x-large;\">Gastronomia<\/span><br \/>\nO CEP oferece aos seus associados diversas e variadas op\u00e7\u00f5es de Gastronomia localizadas em lugares estrat\u00e9gicos do Clube. Os Bares, Lanchonetes e Restaurantes funcionam nos mesmos dias e hor\u00e1rios do Clube e s\u00e3o geridos por permission\u00e1rios. Veja abaixo a rela\u00e7\u00e3o completa dos locais:<\/p>\n<p>&nbsp;<\/p>\n<\/div><br class=\"clear\" \/><p>&nbsp;<\/p>\n<p><span style=\"font-size: x-large;\">Rela\u00e7\u00e3o de Bares, Lanchonetes e Restaurantes<\/span><\/p>\n<ul>\n<li style=\"padding-left: 30px;\"><span style=\"color: #999999;\">Restaurante do Boliche: Rei do Sabor &#8211; Servi\u00e7o \u00c0 La Carte e Self Service.<\/span><\/li>\n<li style=\"padding-left: 30px;\"><span style=\"color: #999999;\">Bar e Lanchonete do Campo &#8211; Fica localizado na entrada do clube junto ao Est\u00e1dio Principal;<\/span><\/li>\n<li style=\"padding-left: 30px;\"><span style=\"color: #999999;\">Lanchonete e Restaurante do Squash &#8211; Fica na entrada do Clube tendo como especialidade fornecimento de pizza, almo\u00e7os, jantares e celebra\u00e7\u00f5es;<\/span><\/li>\n<li style=\"padding-left: 30px;\"><span style=\"color: #999999;\">Bar e Lanchonete do Tambor\u00e9u &#8211; Localizado junto \u00e0s quadras e oferece lanches e drinks;<\/span><\/li>\n<li style=\"padding-left: 30px;\"><span style=\"color: #999999;\">Bar e Lanchonete da Piscina &#8211; Localizado na \u00e1rea externa, em frente \u00e0 piscina;<\/span><\/li>\n<li style=\"padding-left: 30px;\"><span style=\"color: #999999;\">Quiosque da Piscina &#8211; Fica na entrada do Parque Aqu\u00e1tico e serve drinks e lanches;<\/span><\/li>\n<li style=\"padding-left: 30px;\"><span style=\"color: #999999;\">Bar e Restaurante RR &#8211; Localizado perto do Gin\u00e1sio Principal, oferece gastronomia variada;<\/span><\/li>\n<li style=\"padding-left: 30px;\"><span style=\"color: #999999;\">Bar e Restaurante Pub &#8211; Fica junto ao Galp\u00e3o de Eventos, serve drinks e lanches e tem karaoke, ideal para quem gosta de vida noturna;<\/span><\/li>\n<li style=\"padding-left: 30px;\"><span style=\"color: #999999;\">Confraria do Caf\u00e9 do Gourmet &#8211; Localizado no Boulevard, em frente ao Parque Aqu\u00e1tico.<\/span><\/li>\n<\/ul>\n<p style=\"padding-left: 30px;\">\n","protected":false},"excerpt":{"rendered":"<p>&nbsp;<br \/>\n&nbsp;<br \/>\nRela\u00e7\u00e3o de Bares, Lanchonetes e Restaurantes<\/p>\n<p>Restaurante do Boliche: Rei do Sabor &#8211; Servi\u00e7o \u00c0 La Carte e Self Service.<br \/>\nBar e Lanchonete do Campo &#8211; Fica localizado na entrada do clube junto ao Est\u00e1dio Principal;<br \/>\nLanchonete e Restaurante do Squash &#8211; Fica na entrada do Clube tendo como especialidade fornecimento de pizza, almo\u00e7os, jantares e celebra\u00e7\u00f5es;<br \/>\nBar e Lanchonete do Tambor\u00e9u &#8211; Localizado junto \u00e0s quadras e oferece lanches e drinks;<br \/>\nBar e Lanchonete da Piscina &#8230;<\/p>\n","protected":false},"author":1,"featured_media":0,"parent":0,"menu_order":0,"comment_status":"open","ping_status":"open","template":"template-full-width.php","meta":{"footnotes":""},"class_list":["post-185","page","type-page","status-publish","hentry"],"_links":{"self":[{"href":"http:\/\/cepenha.com.br\/index.php\/wp-json\/wp\/v2\/pages\/185","targetHints":{"allow":["GET"]}}],"collection":[{"href":"http:\/\/cepenha.com.br\/index.php\/wp-json\/wp\/v2\/pages"}],"about":[{"href":"http:\/\/cepenha.com.br\/index.php\/wp-json\/wp\/v2\/types\/page"}],"author":[{"embeddable":true,"href":"http:\/\/cepenha.com.br\/index.php\/wp-json\/wp\/v2\/users\/1"}],"replies":[{"embeddable":true,"href":"http:\/\/cepenha.com.br\/index.php\/wp-json\/wp\/v2\/comments?post=185"}],"version-history":[{"count":23,"href":"http:\/\/cepenha.com.br\/index.php\/wp-json\/wp\/v2\/pages\/185\/revisions"}],"predecessor-version":[{"id":5013,"href":"http:\/\/cepenha.com.br\/index.php\/wp-json\/wp\/v2\/pages\/185\/revisions\/5013"}],"wp:attachment":[{"href":"http:\/\/cepenha.com.br\/index.php\/wp-json\/wp\/v2\/media?parent=185"}],"curies":[{"name":"wp","href":"https:\/\/api.w.org\/{rel}","templated":true}]}}