{"id":1567,"date":"2016-02-02T12:51:39","date_gmt":"2016-02-02T12:51:39","guid":{"rendered":"http:\/\/cepenha.net.br\/?page_id=1567"},"modified":"2025-04-03T12:36:33","modified_gmt":"2025-04-03T12:36:33","slug":"regulamento-da-piscina","status":"publish","type":"page","link":"http:\/\/cepenha.com.br\/index.php\/regulamento-da-piscina\/","title":{"rendered":"Regulamento da Piscina"},"content":{"rendered":"<p class=\"Standard\" style=\"text-align: center;\" align=\"center\"><span style=\"font-size: 18.0pt;\">CLUBE ESPORTIVO DA PENHA<\/span><\/p>\n<p class=\"Standard\" style=\"text-align: center;\" align=\"center\"><span style=\"font-size: 18.0pt;\">REGULAMENTO INTERNO\u00a0<\/span><\/p>\n<p class=\"Standard\" style=\"text-align: center;\" align=\"center\"><span style=\"font-size: 18.0pt;\">DEPARTAMENTO DAS PISCINAS<\/span><\/p>\n<p class=\"Standard\" style=\"text-align: justify;\"><span style=\"font-size: 13.0pt;\">Com o intuito de proporcionar o bem-estar dos que utilizam as piscinas do CLUBE ESPORTIVO DA PENHA e para que n\u00e3o ocorra nenhum risco \u00e0 sa\u00fade dos frequentadores, o Clube utiliza um controle permanente da qualidade de \u00e1gua, frequentemente observado pela Secretaria Municipal de Sa\u00fade e Vigil\u00e2ncia Sanit\u00e1ria, onde determina que: A utiliza\u00e7\u00e3o das piscinas s\u00f3 poder\u00e1 ser feita nos hor\u00e1rios estabelecidos para funcionamento BALNE\u00c1RIO D\u00c0S 07:00 \u00c0S 19:00 E PISCINA AQUECIDA D\u00c0S 07:0 \u00c0S 22:00. Nos demais hor\u00e1rios ser\u00e1 colocado produtos para tratamento da \u00e1gua, sendo obrigat\u00f3rio um tempo de repouso da \u00e1gua para um resultado eficaz dos produtos utilizados. Nos hor\u00e1rios destinados \u00e0 limpeza e conserva\u00e7\u00e3o das piscinas, s\u00f3 poder\u00e1 permanecer em suas depend\u00eancias os funcion\u00e1rios do Clube designados para esse fim. Somente ter\u00e3o acesso junto ao Departamento de Piscinas, os associados e dependentes legais, enquadrados como S\u00f3cios Patrimoniais e Efetivos Especiais, que estejam rigorosamente em dia com a Tesouraria do Clube. O acesso \u00e0 \u00e1rea das piscinas ser\u00e1 feito, obrigatoriamente, pelos locais de controle, mediante verifica\u00e7\u00e3o da Carteira Social e estar em dia com a AVALIA\u00c7\u00c3O PARA USO DE PISCINA. As piscinas infantis s\u00e3o reservadas ao uso exclusivo de crian\u00e7as menores de 12 (anos) anos de idade. \u00c9 expressamente proibida a utiliza\u00e7\u00e3o por adultos das piscinas destinadas \u00e0s crian\u00e7as, exceto pais com beb\u00eas de colo e ou crian\u00e7as pequenas. Os pais ou respons\u00e1veis devem ficar atentos quando seus filhos forem nadar, principalmente, nas partes mais fundas das piscinas. Sugere-se aos respons\u00e1veis a coloca\u00e7\u00e3o de boias nas crian\u00e7as, e recomenda-se o m\u00e1ximo de aten\u00e7\u00e3o. S\u00e3o os pais os respons\u00e1veis pela presen\u00e7a de seus filhos menores e que n\u00e3o saibam nadar dentro das piscinas. Para o ingresso nas piscinas \u00e9 obrigat\u00f3rio banho de chuveiro nos vesti\u00e1rios com a lavagem dos cabelos e passar pelos lava-p\u00e9s<\/span><span style=\"font-size: 14.0pt;\">.<\/span><\/p>\n<p class=\"Standard\" style=\"text-align: center;\" align=\"center\"><span style=\"font-size: 16.0pt;\">\u00c9 permitido ao Associado:<\/span><\/p>\n<p class=\"Standard\" style=\"text-align: justify;\"><span style=\"font-size: 14.0pt;\">1. Consumir bebidas alco\u00f3licas, comer, tomar sorvete ou picol\u00e9 nas cadeiras e mesas reservadas para lanches.<\/span><\/p>\n<p class=\"Standard\" style=\"text-align: justify;\"><span style=\"font-size: 14.0pt;\">2. Beber \u00e1gua em garrafas t\u00e9rmicas e pl\u00e1sticas pr\u00f3prias, nas depend\u00eancias da piscina. Excluindo as bordas e dentro da piscina. (piscinas externas)<\/span><\/p>\n<p class=\"Standard\" style=\"text-align: justify;\"><span style=\"font-size: 14.0pt;\">3. Uso de bolsas pl\u00e1sticas transparentes.<\/span><\/p>\n<p class=\"Standard\" style=\"text-align: justify;\"><span style=\"font-size: 14.0pt;\">4. Uso de biqu\u00ednis e maios (para mulheres), sungas e cal\u00e7\u00e3o de banho de Lycra ou nylon (para homens). Os tecidos lycra e nylon n\u00e3o absorvem nenhum dos componentes existentes nos produtos utilizados para manter a qualidade d\u2019\u00e1gua durante todo o dia, enquanto outros materiais absorvem por completo esses componentes. Comprometendo muito sua efic\u00e1cia.<\/span><\/p>\n<p class=\"Standard\" style=\"text-align: justify;\"><span style=\"font-size: 14.0pt;\">5. A entrada de toalhas, cangas, sa\u00edda de praia e cadeiras.<\/span><\/p>\n<p class=\"Standard\" style=\"text-align: justify;\"><span style=\"font-size: 14.0pt;\">6. Uso de protetores solares na piscina externa, desde que aplicados longe das bordas das piscinas.<\/span><\/p>\n<p class=\"Standard\" style=\"text-align: justify;\"><span style=\"font-size: 14.0pt;\">7. Uso de boias de bra\u00e7o, redondas e espaguetes (para uso estritamente infantil).<\/span><\/p>\n<p class=\"Standard\" style=\"text-align: justify;\"><span style=\"font-size: 14.0pt;\">8. Utiliza\u00e7\u00e3o de chinelos de borracha ou similares.<\/span><\/p>\n<p class=\"Standard\" style=\"text-align: justify;\"><span style=\"font-size: 14.0pt;\">9.Entrada com carrinho de beb\u00ea e ou beb\u00ea conforto quando necess\u00e1rio.<\/span><\/p>\n<p class=\"Standard\" style=\"text-align: center;\" align=\"center\"><span style=\"font-size: 16.0pt;\">\u00c9 proibido ao Associado:<\/span><\/p>\n<p class=\"Standard\" style=\"text-align: justify;\"><span style=\"font-size: 13.0pt;\">\u00a0<\/span><\/p>\n<p class=\"Standard\" style=\"text-align: justify;\"><span style=\"font-size: 13.0pt;\">1. Uso de bronzeadores \u00e0 base de \u00f3leos. O uso destes bronzeadores prejudica a qualidade da \u00e1gua e o funcionamento das bombas e filtros das piscinas, pode impregnar a \u00e1gua e a borda das piscinas com os mesmos.<\/span><\/p>\n<p class=\"Standard\" style=\"text-align: justify;\"><span style=\"font-size: 13.0pt;\">2. Entrada de bebidas alco\u00f3licas nos ambientes das piscinas. O \u00e1lcool reduz seus reflexos e pode amea\u00e7ar a sua seguran\u00e7a e a das pessoas que est\u00e3o com voc\u00ea na piscina.<\/span><\/p>\n<p class=\"Standard\" style=\"text-align: justify;\"><span style=\"font-size: 13.0pt;\">3. Entrar de roupa, chinelos de couro, bolsas de couro, t\u00eanis\/sapatos na \u00e1rea de banho.<\/span><\/p>\n<p class=\"Standard\" style=\"text-align: justify;\"><span style=\"font-size: 13.0pt;\">4. Acess\u00f3rios para prender os cabelos que se desprendam facilmente.<\/span><\/p>\n<p class=\"Standard\" style=\"text-align: justify;\"><span style=\"font-size: 13.0pt;\">5. Fumar (Cigarros, charutos, cachimbos e similares).<\/span><\/p>\n<p class=\"Standard\" style=\"text-align: justify;\"><span style=\"font-size: 13.0pt;\">6. Entrar com caixas t\u00e9rmicas.<\/span><\/p>\n<p class=\"Standard\" style=\"text-align: justify;\"><span style=\"font-size: 13.0pt;\">7. N\u00e3o \u00e9 permitido beber ou comer nas bordas da piscina, utilizando sim as mesas oferecidas para estas finalidades estas mesas est\u00e3o na \u00e1rea restrita para lanches (mesas e cadeiras amarelas).<\/span><\/p>\n<p class=\"Standard\" style=\"text-align: justify;\"><span style=\"font-size: 13.0pt;\">8. Utiliza\u00e7\u00e3o de quaisquer recipientes de vidros e outros que coloquem em risco os banhistas.<\/span><\/p>\n<p class=\"Standard\" style=\"text-align: justify;\"><span style=\"font-size: 13.0pt;\">9. Passar por sobre a grade que circunda as piscinas.<\/span><\/p>\n<p class=\"Standard\" style=\"text-align: justify;\"><span style=\"font-size: 13.0pt;\">10. Entrar nas piscinas com garrafas, copos, mesmo que vazios etc.<\/span><\/p>\n<p class=\"Standard\" style=\"text-align: justify;\"><span style=\"font-size: 13.0pt;\">11. Praticar qualquer ato contr\u00e1rio \u00e0 higiene que possa colocar em risco a limpeza da \u00e1gua, lazer e sa\u00fade dos demais banhistas deste Clube.<\/span><\/p>\n<p class=\"Standard\" style=\"text-align: justify;\"><span style=\"font-size: 13.0pt;\">12. N\u00e3o ser\u00e3o permitidas, no interior das piscinas ou em suas bordas, brincadeiras que possam, eventualmente, colocar em risco a seguran\u00e7a dos usu\u00e1rios, tais como: saltos ornamentais, empurr\u00f5es, lutas, brincadeiras de atirar \u00e1gua fora da piscina, pir\u00e2mides humanas e quaisquer jogos, inclusive com bola. Uma batida na cabe\u00e7a nas paredes da piscina pode levar \u00e0 inconsci\u00eancia e terminar em um afogamento;<\/span><\/p>\n<p class=\"Standard\" style=\"text-align: justify;\"><span style=\"font-size: 13.0pt;\">13. Empurrar pessoas para dentro de \u00e1gua ou afund\u00e1-las propositalmente.<\/span><\/p>\n<p class=\"Standard\" style=\"text-align: justify;\"><span style=\"font-size: 13.0pt;\">14. Usar len\u00e7os, gases, esparadrapos, absorventes \u00edntimos externos.<\/span><\/p>\n<p class=\"Standard\" style=\"text-align: justify;\"><span style=\"font-size: 13.0pt;\">15. Utiliza\u00e7\u00e3o das piscinas por associados que n\u00e3o estejam em plenas condi\u00e7\u00f5es de sa\u00fade e ou feridas abertas.<\/span><\/p>\n<p class=\"Standard\" style=\"text-align: justify;\"><span style=\"font-size: 13.0pt;\">16. N\u00e3o \u00e9 permitido o uso de boias, bolas e colch\u00f5es (de lona, de pl\u00e1stico ou outro material), a utiliza\u00e7\u00e3o de remos, mastros, p\u00e9s de pato e boias de pneum\u00e1ticos, no interior da \u00e1rea das piscinas, exceto \u00e0s boias de uso estritamente infantil.<\/span><\/p>\n<p class=\"Standard\" style=\"text-align: justify;\"><span style=\"font-size: 13.0pt;\">17. N\u00e3o \u00e9 permitido o uso de equipamentos de mergulho, respiradores e similares nas piscinas sociais.<\/span><\/p>\n<p class=\"Standard\" style=\"text-align: justify;\"><span style=\"font-size: 13.0pt;\">18. Por raz\u00f5es de seguran\u00e7a, n\u00e3o \u00e9 permitida a perman\u00eancia de crian\u00e7as menores de\u00a012 anos, sem a presen\u00e7a de seus pais ou respons\u00e1veis adultos. Caso estiverem desacompanhadas, a responsabilidade por qualquer acidente \u00e9 exclusivamente dos seus respons\u00e1veis, eximindo o CLUBE ESPORTIVO DA PENHA da responsabilidade de qualquer acidente que venha a ocorrer.<\/span><\/p>\n<p class=\"Standard\" style=\"text-align: justify;\"><span style=\"font-size: 13.0pt;\">19. N\u00e3o ser\u00e1 permitido o acesso nem a perman\u00eancia na \u00e1rea das piscinas fora de seu hor\u00e1rio normal de funcionamento determinado.<\/span><\/p>\n<p class=\"Standard\" style=\"text-align: justify;\"><span style=\"font-size: 13.0pt;\">20. Praticar atos tais como algazarras, incluindo r\u00e1dios, televisores e aparelhos de som exceto similares com fone de ouvido.<\/span><\/p>\n<p class=\"Standard\" style=\"text-align: justify;\"><span style=\"font-size: 13.0pt;\">21. N\u00e3o \u00e9 permitido pegar\/levar para a piscina externa os materiais (espaguetes, bolas, pesinhos, caneleiras e pranchas) de uso exclusivo da piscina t\u00e9rmica.<\/span><\/p>\n<p class=\"Standard\" style=\"text-align: justify;\"><span style=\"font-size: 13.0pt;\">22. \u00c9 proibido acessar ao Departamento trajando, roupas transparentes, bem como cal\u00e7\u00f5es, mai\u00f4s e biqu\u00ednis brancos, usar trajes que forem julgados inconvenientes, insuficientes ou incompat\u00edveis com o decoro.<\/span><\/p>\n","protected":false},"excerpt":{"rendered":"<p>CLUBE ESPORTIVO DA PENHA<br \/>\nREGULAMENTO INTERNO\u00a0<br \/>\nDEPARTAMENTO DAS PISCINAS<br \/>\nCom o intuito de proporcionar o bem-estar dos que utilizam as piscinas do CLUBE ESPORTIVO DA PENHA e para que n\u00e3o ocorra nenhum risco \u00e0 sa\u00fade dos frequentadores, o Clube utiliza um controle permanente da qualidade de \u00e1gua, frequentemente observado pela Secretaria Municipal de Sa\u00fade e Vigil\u00e2ncia Sanit\u00e1ria, onde determina que: A utiliza\u00e7\u00e3o das piscinas s\u00f3 poder\u00e1 ser feita nos hor\u00e1rios estabelecidos para funcionamento BALNE\u00c1RIO D\u00c0S 07:00 \u00c0S 19:00 E PISCINA &#8230;<\/p>\n","protected":false},"author":1,"featured_media":0,"parent":0,"menu_order":0,"comment_status":"open","ping_status":"open","template":"","meta":{"footnotes":""},"class_list":["post-1567","page","type-page","status-publish","hentry"],"_links":{"self":[{"href":"http:\/\/cepenha.com.br\/index.php\/wp-json\/wp\/v2\/pages\/1567","targetHints":{"allow":["GET"]}}],"collection":[{"href":"http:\/\/cepenha.com.br\/index.php\/wp-json\/wp\/v2\/pages"}],"about":[{"href":"http:\/\/cepenha.com.br\/index.php\/wp-json\/wp\/v2\/types\/page"}],"author":[{"embeddable":true,"href":"http:\/\/cepenha.com.br\/index.php\/wp-json\/wp\/v2\/users\/1"}],"replies":[{"embeddable":true,"href":"http:\/\/cepenha.com.br\/index.php\/wp-json\/wp\/v2\/comments?post=1567"}],"version-history":[{"count":10,"href":"http:\/\/cepenha.com.br\/index.php\/wp-json\/wp\/v2\/pages\/1567\/revisions"}],"predecessor-version":[{"id":6509,"href":"http:\/\/cepenha.com.br\/index.php\/wp-json\/wp\/v2\/pages\/1567\/revisions\/6509"}],"wp:attachment":[{"href":"http:\/\/cepenha.com.br\/index.php\/wp-json\/wp\/v2\/media?parent=1567"}],"curies":[{"name":"wp","href":"https:\/\/api.w.org\/{rel}","templated":true}]}}