{"id":1309,"date":"2015-08-28T13:55:45","date_gmt":"2015-08-28T13:55:45","guid":{"rendered":"http:\/\/cepenha.net.br\/?page_id=1309"},"modified":"2024-01-16T18:42:59","modified_gmt":"2024-01-16T18:42:59","slug":"espaco-nobre","status":"publish","type":"page","link":"http:\/\/cepenha.com.br\/index.php\/espaco-nobre\/","title":{"rendered":"Espa\u00e7o Nobre"},"content":{"rendered":"<div class=\"three_fourth tt-column\"><\/div><div class=\"one_fourth_last tt-column\"><p><span style=\"font-size: x-large;\">Espa\u00e7o Nobre<\/span><br \/>\nConstru\u00e7\u00e3o nov\u00edssima, com fino acabamento, piso em granito e uma excelente climatiza\u00e7\u00e3o, com mais de 1 milh\u00e3o de BTUs instalados. Possui palco para realiza\u00e7\u00e3o de grandes eventos, equipado com amplos e completos camarins. O espa\u00e7o possui acessibilidade completa, com elevador para pessoas com dificuldade de locomo\u00e7\u00e3o. Oferece cozinha com amplos balc\u00f5es, tudo com acabamento em granito e porcelanato.<\/p>\n<\/div><br class=\"clear\" \/><p><a href=\"http:\/\/cepenha.com.br\/wp-content\/uploads\/2015\/06\/espaco_1.jpg\"><img loading=\"lazy\" decoding=\"async\" class=\"wp-image-724 size-medium aligncenter\" src=\"http:\/\/cepenha.com.br\/wp-content\/uploads\/2015\/06\/espaco_1-300x169.jpg\" alt=\"\" width=\"300\" height=\"169\" srcset=\"http:\/\/cepenha.com.br\/wp-content\/uploads\/2015\/06\/espaco_1-300x169.jpg 300w, http:\/\/cepenha.com.br\/wp-content\/uploads\/2015\/06\/espaco_1.jpg 800w\" sizes=\"auto, (max-width: 300px) 100vw, 300px\" \/><\/a><\/p>\n<p><a href=\"http:\/\/cepenha.com.br\/wp-content\/uploads\/2024\/01\/espaco-nobre.png\"><img loading=\"lazy\" decoding=\"async\" class=\"wp-image-5639 size-full aligncenter\" src=\"http:\/\/cepenha.com.br\/wp-content\/uploads\/2024\/01\/espaco-nobre.png\" alt=\"\" width=\"968\" height=\"655\" srcset=\"http:\/\/cepenha.com.br\/wp-content\/uploads\/2024\/01\/espaco-nobre.png 968w, http:\/\/cepenha.com.br\/wp-content\/uploads\/2024\/01\/espaco-nobre-300x203.png 300w, http:\/\/cepenha.com.br\/wp-content\/uploads\/2024\/01\/espaco-nobre-768x520.png 768w\" sizes=\"auto, (max-width: 968px) 100vw, 968px\" \/><\/a><\/p>\n","protected":false},"excerpt":{"rendered":"","protected":false},"author":1,"featured_media":0,"parent":0,"menu_order":0,"comment_status":"open","ping_status":"open","template":"template-full-width.php","meta":{"footnotes":""},"class_list":["post-1309","page","type-page","status-publish","hentry"],"_links":{"self":[{"href":"http:\/\/cepenha.com.br\/index.php\/wp-json\/wp\/v2\/pages\/1309","targetHints":{"allow":["GET"]}}],"collection":[{"href":"http:\/\/cepenha.com.br\/index.php\/wp-json\/wp\/v2\/pages"}],"about":[{"href":"http:\/\/cepenha.com.br\/index.php\/wp-json\/wp\/v2\/types\/page"}],"author":[{"embeddable":true,"href":"http:\/\/cepenha.com.br\/index.php\/wp-json\/wp\/v2\/users\/1"}],"replies":[{"embeddable":true,"href":"http:\/\/cepenha.com.br\/index.php\/wp-json\/wp\/v2\/comments?post=1309"}],"version-history":[{"count":5,"href":"http:\/\/cepenha.com.br\/index.php\/wp-json\/wp\/v2\/pages\/1309\/revisions"}],"predecessor-version":[{"id":6514,"href":"http:\/\/cepenha.com.br\/index.php\/wp-json\/wp\/v2\/pages\/1309\/revisions\/6514"}],"wp:attachment":[{"href":"http:\/\/cepenha.com.br\/index.php\/wp-json\/wp\/v2\/media?parent=1309"}],"curies":[{"name":"wp","href":"https:\/\/api.w.org\/{rel}","templated":true}]}}